{"id":2364,"date":"2022-10-06T19:01:09","date_gmt":"2022-10-06T19:01:09","guid":{"rendered":"https:\/\/hospitalpediatrico.org\/oficial\/?page_id=2364"},"modified":"2023-08-08T23:43:43","modified_gmt":"2023-08-08T23:43:43","slug":"derechos-de-nna","status":"publish","type":"page","link":"https:\/\/hospitalpediatrico.org\/oficial\/derechos-de-nna\/","title":{"rendered":"DERECHOS DE NNA"},"content":{"rendered":"\t\t<div data-elementor-type=\"wp-page\" data-elementor-id=\"2364\" class=\"elementor elementor-2364\">\n\t\t\t\t\t\t<section class=\"elementor-section elementor-top-section elementor-element elementor-element-429c3e1 elementor-section-height-min-height elementor-section-boxed elementor-section-height-default elementor-section-items-middle\" data-id=\"429c3e1\" data-element_type=\"section\" data-e-type=\"section\" data-settings=\"{&quot;background_background&quot;:&quot;classic&quot;,&quot;shape_divider_bottom&quot;:&quot;curve&quot;,&quot;shape_divider_bottom_negative&quot;:&quot;yes&quot;}\">\n\t\t\t\t\t\t\t<div class=\"elementor-background-overlay\"><\/div>\n\t\t\t\t\t\t<div class=\"elementor-shape elementor-shape-bottom\" aria-hidden=\"true\" data-negative=\"true\">\n\t\t\t<svg xmlns=\"http:\/\/www.w3.org\/2000\/svg\" viewBox=\"0 0 1000 100\" preserveAspectRatio=\"none\">\n\t<path class=\"elementor-shape-fill\" d=\"M500,97C126.7,96.3,0.8,19.8,0,0v100l1000,0V1C1000,19.4,873.3,97.8,500,97z\"\/>\n<\/svg>\t\t<\/div>\n\t\t\t\t\t<div class=\"elementor-container elementor-column-gap-default\">\n\t\t\t\t\t<div class=\"elementor-column elementor-col-100 elementor-top-column elementor-element elementor-element-181c350\" data-id=\"181c350\" data-element_type=\"column\" data-e-type=\"column\">\n\t\t\t<div class=\"elementor-widget-wrap elementor-element-populated\">\n\t\t\t\t\t\t<section class=\"elementor-section elementor-inner-section elementor-element elementor-element-593e035a elementor-section-full_width elementor-section-height-default elementor-section-height-default\" data-id=\"593e035a\" data-element_type=\"section\" data-e-type=\"section\">\n\t\t\t\t\t\t<div class=\"elementor-container elementor-column-gap-default\">\n\t\t\t\t\t<div class=\"elementor-column elementor-col-100 elementor-inner-column elementor-element elementor-element-49489c82\" data-id=\"49489c82\" data-element_type=\"column\" data-e-type=\"column\">\n\t\t\t<div class=\"elementor-widget-wrap elementor-element-populated\">\n\t\t\t\t\t\t<div class=\"elementor-element elementor-element-18e29b87 elementor-widget elementor-widget-heading\" data-id=\"18e29b87\" data-element_type=\"widget\" data-e-type=\"widget\" data-widget_type=\"heading.default\">\n\t\t\t\t<div class=\"elementor-widget-container\">\n\t\t\t\t\t<h2 class=\"elementor-heading-title elementor-size-default\">Derechos de NNA<\/h2>\t\t\t\t<\/div>\n\t\t\t\t<\/div>\n\t\t\t\t\t<\/div>\n\t\t<\/div>\n\t\t\t\t\t<\/div>\n\t\t<\/section>\n\t\t\t\t\t<\/div>\n\t\t<\/div>\n\t\t\t\t\t<\/div>\n\t\t<\/section>\n\t\t\t\t<section class=\"elementor-section elementor-top-section elementor-element elementor-element-775e10c elementor-section-boxed elementor-section-height-default elementor-section-height-default\" data-id=\"775e10c\" data-element_type=\"section\" data-e-type=\"section\" data-settings=\"{&quot;background_background&quot;:&quot;classic&quot;}\">\n\t\t\t\t\t\t<div class=\"elementor-container elementor-column-gap-default\">\n\t\t\t\t\t<div class=\"elementor-column elementor-col-100 elementor-top-column elementor-element elementor-element-81a17ad\" data-id=\"81a17ad\" data-element_type=\"column\" data-e-type=\"column\">\n\t\t\t<div class=\"elementor-widget-wrap elementor-element-populated\">\n\t\t\t\t\t\t<div class=\"elementor-element elementor-element-536ba45 elementor-widget elementor-widget-heading\" data-id=\"536ba45\" data-element_type=\"widget\" data-e-type=\"widget\" data-widget_type=\"heading.default\">\n\t\t\t\t<div class=\"elementor-widget-container\">\n\t\t\t\t\t<h2 class=\"elementor-heading-title elementor-size-default\">Conoce los derechos de ni\u00f1as, ni\u00f1os y adolescentes<\/h2>\t\t\t\t<\/div>\n\t\t\t\t<\/div>\n\t\t\t\t<div class=\"elementor-element elementor-element-133ab00 elementor-widget-divider--view-line elementor-widget elementor-widget-divider\" data-id=\"133ab00\" data-element_type=\"widget\" data-e-type=\"widget\" data-widget_type=\"divider.default\">\n\t\t\t\t<div class=\"elementor-widget-container\">\n\t\t\t\t\t\t\t<div class=\"elementor-divider\">\n\t\t\t<span class=\"elementor-divider-separator\">\n\t\t\t\t\t\t<\/span>\n\t\t<\/div>\n\t\t\t\t\t\t<\/div>\n\t\t\t\t<\/div>\n\t\t\t\t<div class=\"elementor-element elementor-element-76403a6 elementor-widget elementor-widget-text-editor\" data-id=\"76403a6\" data-element_type=\"widget\" data-e-type=\"widget\" data-widget_type=\"text-editor.default\">\n\t\t\t\t<div class=\"elementor-widget-container\">\n\t\t\t\t\t\t\t\t\t<p><strong>La Ley General de Derechos de las Ni\u00f1as, Ni\u00f1os y Adolescentes expedida por Decreto presidencial el pasado 3 de diciembre de 2014, garantiza a la ni\u00f1ez y adolescencia mexicana 20 derechos, que son:<\/strong><\/p>\t\t\t\t\t\t\t\t<\/div>\n\t\t\t\t<\/div>\n\t\t\t\t\t<\/div>\n\t\t<\/div>\n\t\t\t\t\t<\/div>\n\t\t<\/section>\n\t\t\t\t<section class=\"elementor-section elementor-top-section elementor-element elementor-element-1a1c409 elementor-section-boxed elementor-section-height-default elementor-section-height-default\" data-id=\"1a1c409\" data-element_type=\"section\" data-e-type=\"section\" data-settings=\"{&quot;background_background&quot;:&quot;classic&quot;}\">\n\t\t\t\t\t\t\t<div class=\"elementor-background-overlay\"><\/div>\n\t\t\t\t\t\t\t<div class=\"elementor-container elementor-column-gap-default\">\n\t\t\t\t\t<div class=\"elementor-column elementor-col-50 elementor-top-column elementor-element elementor-element-7c7579a\" data-id=\"7c7579a\" data-element_type=\"column\" data-e-type=\"column\">\n\t\t\t<div class=\"elementor-widget-wrap elementor-element-populated\">\n\t\t\t\t\t\t<div class=\"elementor-element elementor-element-4ea5300 elementor-widget elementor-widget-text-editor\" data-id=\"4ea5300\" data-element_type=\"widget\" data-e-type=\"widget\" data-widget_type=\"text-editor.default\">\n\t\t\t\t<div class=\"elementor-widget-container\">\n\t\t\t\t\t\t\t\t\t<p><strong>I. Derecho a la vida, a la supervivencia y al desarrollo.<\/strong> Todas las ni\u00f1as, ni\u00f1os y adolescentes deben disfrutar de una vida plena en condiciones acordes a su dignidad; tampoco deber\u00e1n ser utilizados en conflictos armados o violentos.<\/p><p><strong>II. Derecho a la Prioridad.<\/strong> Tienen derecho a que se les asegure prioridad en cuanto a protecci\u00f3n y socorro ante cualquier eventualidad as\u00ed como ser atendidos antes que cualquier adulto en todos los servicios.<\/p><p><strong>III. Derecho a la Identidad.<\/strong> Tienen derecho a contar con un nombre y los apellidos que le correspondan as\u00ed como a ser inscritos inmediatamente al Registro Civil, contar con una nacionalidad y preservar su identidad.<\/p><p><strong>IV. Derecho a vivir en familia.<\/strong> Tienen derecho a vivir con su familia y a no ser separados de las personas que ejerzan la patria potestad; en caso de que sus familias est\u00e9n separadas, tienen derecho a mantener contacto con sus familiares de manera regular.<\/p><p><strong>V. Derecho a la Igualdad Sustantiva.<\/strong> Tienen derecho al mismo trato y oportunidades para el goce de sus derechos; las autoridades deben establecer pol\u00edticas orientadas a eliminar los obst\u00e1culos para la igualdad de acceso y oportunidades a la alimentaci\u00f3n, educaci\u00f3n y atenci\u00f3n m\u00e9dica.<\/p><p><strong>VI. Derecho a No ser Discriminado.<\/strong> Ni\u00f1as, ni\u00f1os y adolescentes tienen derecho a no ser sujetos de discriminaci\u00f3n, limitaci\u00f3n o restricci\u00f3n de sus derechos.<\/p><p><strong>VII. Derecho a vivir en Condiciones de Bienestar y a un Sano Desarrollo Integral.<\/strong> Tienen derecho a vivir en un medio ambiente sano y sustentable y en condiciones que permitan su desarrollo, bienestar, crecimiento saludable y armonioso.<\/p><p><strong>VIII. Derecho de Acceso a una Vida Libre de Violencia y a la Integridad Personal.<\/strong> Tienen derecho a una vida libre de violencia y a que se resguarde su integridad personal; las autoridades tomar\u00e1n las medidas para prevenir, atender y sancionar casos en que ni\u00f1as, ni\u00f1os y adolescentes se vean afectados por conductas como el descuido, la negligencia, la trata, trabajo infantil o coacci\u00f3n a participar en alg\u00fan delito.<\/p><p><span style=\"text-align: start;\"><strong>IX. Derecho a la protecci\u00f3n de la Salud y a la Seguridad Social.<\/strong> Todas las ni\u00f1as, ni\u00f1os y adolescentes tienen derecho a gozar del m\u00e1s alto nivel posible de salud y a recibir la prestaci\u00f3n de servicios de atenci\u00f3n m\u00e9dica de gratuita y de calidad.<\/span><\/p>\t\t\t\t\t\t\t\t<\/div>\n\t\t\t\t<\/div>\n\t\t\t\t\t<\/div>\n\t\t<\/div>\n\t\t\t\t<div class=\"elementor-column elementor-col-50 elementor-top-column elementor-element elementor-element-01269e4\" data-id=\"01269e4\" data-element_type=\"column\" data-e-type=\"column\">\n\t\t\t<div class=\"elementor-widget-wrap elementor-element-populated\">\n\t\t\t\t\t\t<div class=\"elementor-element elementor-element-12d53ba elementor-widget elementor-widget-text-editor\" data-id=\"12d53ba\" data-element_type=\"widget\" data-e-type=\"widget\" data-widget_type=\"text-editor.default\">\n\t\t\t\t<div class=\"elementor-widget-container\">\n\t\t\t\t\t\t\t\t\t<p><strong>X. Derecho a la Inclusi\u00f3n de Ni\u00f1as, Ni\u00f1os y Adolescentes con Discapacidad.<\/strong> Tienen derecho a disfrutar de los derechos contenidos en la Ley, la Constituci\u00f3n y Tratados Internacionales; as\u00ed como vivir incluidos en la comunidad y en igualdad de condiciones que las dem\u00e1s ni\u00f1as, ni\u00f1os y adolescentes.<\/p><p><strong>XI. Derecho a la Educaci\u00f3n.<\/strong> Tienen derecho a una educaci\u00f3n de calidad que contribuya al conocimiento de sus propios derechos y basada en un enfoque de derechos humanos e igualdad sustantiva.<\/p><p><strong>XII. Derecho al Descanso y el Esparcimiento.<\/strong> Tienen derecho al descanso, al esparcimiento y al juego.<\/p><p><strong>XIII. Derecho de la Libertad de Convicciones \u00c9ticas, Pensamiento, Conciencia, Religi\u00f3n y Cultura.<\/strong> Tienen derecho a disfrutar libremente de su lengua, usos y costumbres, pr\u00e1cticas culturales, religi\u00f3n, recursos y formas espec\u00edficas de organizaci\u00f3n social.<\/p><p><strong>XIV. Derecho a la Libertad de Expresi\u00f3n y Acceso a la Informaci\u00f3n.<\/strong> Conlleva a que se tome en cuenta su opini\u00f3n respecto de los asuntes que les afecten directamente, a sus familias o comunidades.<\/p><p><strong>XV. Derecho a la Participaci\u00f3n.<\/strong> Las autoridades est\u00e1n obligados a disponer e implementar mecanismos que garanticen la participaci\u00f3n permanente y activa de ni\u00f1as, ni\u00f1os y adolescentes en \u00e1mbitos familiar, escolar, social o comunitario.<\/p><p><strong>XVI. Derecho de Asociaci\u00f3n y Reuni\u00f3n.<\/strong> Todas las ni\u00f1as, ni\u00f1os y adolescentes tienen derecho a asociarse y reunirse.<\/p><p><strong>XVII. Derecho a la Intimidad.<\/strong> Tienen derecho a la intimidad personal y la protecci\u00f3n de sus datos personales.<\/p><p><strong>XVIII. Derecho a la Seguridad Jur\u00eddica y al Debido Proceso.<\/strong> Todas las autoridades que sustancien procedimientos de car\u00e1cter jurisdiccional o administrativo o que realicen cualquier acto de autoridad, garantizar\u00e1n el inter\u00e9s superior de la ni\u00f1ez.<\/p><p><strong>XIX. Derecho de Ni\u00f1as, Ni\u00f1os y Adolescentes Migrantes.<\/strong> Las autoridades de todos los \u00f3rdenes deber\u00e1n proporcionar servicios y protecci\u00f3n correspondientes a ni\u00f1as, ni\u00f1os y adolescentes migrantes.<\/p><p><strong>XX. Derecho de acceso a las Tecnolog\u00edas de la Informaci\u00f3n y comunicaci\u00f3n sin discriminaci\u00f3n de ning\u00fan tipo o condici\u00f3n.<\/strong><\/p>\t\t\t\t\t\t\t\t<\/div>\n\t\t\t\t<\/div>\n\t\t\t\t\t<\/div>\n\t\t<\/div>\n\t\t\t\t\t<\/div>\n\t\t<\/section>\n\t\t\t\t<\/div>\n\t\t","protected":false},"excerpt":{"rendered":"<p>Derechos de NNA Conoce los derechos de ni\u00f1as, ni\u00f1os y adolescentes La Ley General de Derechos de las Ni\u00f1as, Ni\u00f1os y Adolescentes expedida por Decreto presidencial el pasado 3 de diciembre de 2014, garantiza a la ni\u00f1ez y adolescencia mexicana 20 derechos, que son: I. Derecho a la vida, a la supervivencia y al desarrollo. [&hellip;]<\/p>\n","protected":false},"author":1,"featured_media":0,"parent":0,"menu_order":0,"comment_status":"closed","ping_status":"closed","template":"","meta":{"footnotes":""},"class_list":["post-2364","page","type-page","status-publish","hentry"],"_links":{"self":[{"href":"https:\/\/hospitalpediatrico.org\/oficial\/wp-json\/wp\/v2\/pages\/2364","targetHints":{"allow":["GET"]}}],"collection":[{"href":"https:\/\/hospitalpediatrico.org\/oficial\/wp-json\/wp\/v2\/pages"}],"about":[{"href":"https:\/\/hospitalpediatrico.org\/oficial\/wp-json\/wp\/v2\/types\/page"}],"author":[{"embeddable":true,"href":"https:\/\/hospitalpediatrico.org\/oficial\/wp-json\/wp\/v2\/users\/1"}],"replies":[{"embeddable":true,"href":"https:\/\/hospitalpediatrico.org\/oficial\/wp-json\/wp\/v2\/comments?post=2364"}],"version-history":[{"count":51,"href":"https:\/\/hospitalpediatrico.org\/oficial\/wp-json\/wp\/v2\/pages\/2364\/revisions"}],"predecessor-version":[{"id":4514,"href":"https:\/\/hospitalpediatrico.org\/oficial\/wp-json\/wp\/v2\/pages\/2364\/revisions\/4514"}],"wp:attachment":[{"href":"https:\/\/hospitalpediatrico.org\/oficial\/wp-json\/wp\/v2\/media?parent=2364"}],"curies":[{"name":"wp","href":"https:\/\/api.w.org\/{rel}","templated":true}]}}