{"id":227,"date":"2022-06-23T21:15:36","date_gmt":"2022-06-23T21:15:36","guid":{"rendered":"https:\/\/hospitalpediatrico.org\/oficial\/?page_id=227"},"modified":"2023-02-14T21:50:22","modified_gmt":"2023-02-14T21:50:22","slug":"marco-epidemiologico","status":"publish","type":"page","link":"https:\/\/hospitalpediatrico.org\/oficial\/marco-epidemiologico\/","title":{"rendered":"Marco Epidemiol\u00f3gico"},"content":{"rendered":"\t\t<div data-elementor-type=\"wp-page\" data-elementor-id=\"227\" class=\"elementor elementor-227\">\n\t\t\t\t\t\t<section class=\"elementor-section elementor-top-section elementor-element elementor-element-6593a1e elementor-section-height-min-height elementor-section-boxed elementor-section-height-default elementor-section-items-middle\" data-id=\"6593a1e\" data-element_type=\"section\" data-e-type=\"section\" data-settings=\"{&quot;background_background&quot;:&quot;classic&quot;,&quot;shape_divider_bottom&quot;:&quot;curve&quot;,&quot;shape_divider_bottom_negative&quot;:&quot;yes&quot;}\">\n\t\t\t\t\t\t\t<div class=\"elementor-background-overlay\"><\/div>\n\t\t\t\t\t\t<div class=\"elementor-shape elementor-shape-bottom\" aria-hidden=\"true\" data-negative=\"true\">\n\t\t\t<svg xmlns=\"http:\/\/www.w3.org\/2000\/svg\" viewBox=\"0 0 1000 100\" preserveAspectRatio=\"none\">\n\t<path class=\"elementor-shape-fill\" d=\"M500,97C126.7,96.3,0.8,19.8,0,0v100l1000,0V1C1000,19.4,873.3,97.8,500,97z\"\/>\n<\/svg>\t\t<\/div>\n\t\t\t\t\t<div class=\"elementor-container elementor-column-gap-default\">\n\t\t\t\t\t<div class=\"elementor-column elementor-col-100 elementor-top-column elementor-element elementor-element-21322895\" data-id=\"21322895\" data-element_type=\"column\" data-e-type=\"column\">\n\t\t\t<div class=\"elementor-widget-wrap elementor-element-populated\">\n\t\t\t\t\t\t<section class=\"elementor-section elementor-inner-section elementor-element elementor-element-7f2a3e6b elementor-section-full_width elementor-section-height-default elementor-section-height-default\" data-id=\"7f2a3e6b\" data-element_type=\"section\" data-e-type=\"section\">\n\t\t\t\t\t\t<div class=\"elementor-container elementor-column-gap-default\">\n\t\t\t\t\t<div class=\"elementor-column elementor-col-50 elementor-inner-column elementor-element elementor-element-68a1079e\" data-id=\"68a1079e\" data-element_type=\"column\" data-e-type=\"column\">\n\t\t\t<div class=\"elementor-widget-wrap elementor-element-populated\">\n\t\t\t\t\t\t<div class=\"elementor-element elementor-element-9365da9 elementor-widget elementor-widget-heading\" data-id=\"9365da9\" data-element_type=\"widget\" data-e-type=\"widget\" data-widget_type=\"heading.default\">\n\t\t\t\t<div class=\"elementor-widget-container\">\n\t\t\t\t\t<h2 class=\"elementor-heading-title elementor-size-default\">Marco Epidemiol\u00f3gico<\/h2>\t\t\t\t<\/div>\n\t\t\t\t<\/div>\n\t\t\t\t\t<\/div>\n\t\t<\/div>\n\t\t\t\t<div class=\"elementor-column elementor-col-50 elementor-inner-column elementor-element elementor-element-6b9d250c\" data-id=\"6b9d250c\" data-element_type=\"column\" data-e-type=\"column\">\n\t\t\t<div class=\"elementor-widget-wrap\">\n\t\t\t\t\t\t\t<\/div>\n\t\t<\/div>\n\t\t\t\t\t<\/div>\n\t\t<\/section>\n\t\t\t\t\t<\/div>\n\t\t<\/div>\n\t\t\t\t\t<\/div>\n\t\t<\/section>\n\t\t\t\t<section class=\"elementor-section elementor-top-section elementor-element elementor-element-7ae08057 elementor-section-boxed elementor-section-height-default elementor-section-height-default\" data-id=\"7ae08057\" data-element_type=\"section\" data-e-type=\"section\" data-settings=\"{&quot;background_background&quot;:&quot;classic&quot;}\">\n\t\t\t\t\t\t\t<div class=\"elementor-background-overlay\"><\/div>\n\t\t\t\t\t\t\t<div class=\"elementor-container elementor-column-gap-default\">\n\t\t\t\t\t<div class=\"elementor-column elementor-col-50 elementor-top-column elementor-element elementor-element-5038dbdb\" data-id=\"5038dbdb\" data-element_type=\"column\" data-e-type=\"column\">\n\t\t\t<div class=\"elementor-widget-wrap elementor-element-populated\">\n\t\t\t\t\t\t<div class=\"elementor-element elementor-element-5d28770c elementor-widget-divider--view-line elementor-widget elementor-widget-divider\" data-id=\"5d28770c\" data-element_type=\"widget\" data-e-type=\"widget\" data-widget_type=\"divider.default\">\n\t\t\t\t<div class=\"elementor-widget-container\">\n\t\t\t\t\t\t\t<div class=\"elementor-divider\">\n\t\t\t<span class=\"elementor-divider-separator\">\n\t\t\t\t\t\t<\/span>\n\t\t<\/div>\n\t\t\t\t\t\t<\/div>\n\t\t\t\t<\/div>\n\t\t\t\t<div class=\"elementor-element elementor-element-590794da elementor-widget elementor-widget-text-editor\" data-id=\"590794da\" data-element_type=\"widget\" data-e-type=\"widget\" data-widget_type=\"text-editor.default\">\n\t\t\t\t<div class=\"elementor-widget-container\">\n\t\t\t\t\t\t\t\t\t<p>Seg\u00fan censo del a\u00f1o 2000 los habitantes del estado suman 2, 513,266 de los cuales 993,862 (39.5%) corresponden a menores de 15 a\u00f1os. En 1995 una tercera parte de la poblaci\u00f3n se establec\u00eda en \u00e1reas consideradas rurales y con base en los indicadores de marginaci\u00f3n cinco municipios son considerados como de alta prioridad por su pobreza extrema: Sinaloa, Badiraguato, Cosal\u00e1, Choix y San Ignacio.<\/p>\n<p>En las temporadas de zafra hort\u00edcola, se tiene en la entidad un grupo inmigrante de aproximadamente 200,000 jornaleros y representa una carga adicional a los servicios de salud.<\/p>\n<p>El HPS absorbe una gran parte de esta problem\u00e1tica ya que es el \u00fanico Hospital Pedi\u00e1trico de alta especialidad en la regi\u00f3n.<\/p>\n<p>Es oportuno analizar otros indicadores importantes como la mortalidad en el periodo neonatal del 12\u00b0 lugar que ocupaba en 1988 pas\u00f3 a ser la 9\u00aa causa de mortalidad general. Por ser el HPS el \u00fanico que cuenta con unidad de cuidados intensivos neonatales en forma integral y organizada dif\u00edcilmente podr\u00e1 abatir esta mortalidad en el estado. El solo hecho de ser unidad receptora, sin atenci\u00f3n obstetricia, supeditada a las condiciones del transporte neonatal y la alta ocupaci\u00f3n hospitalaria limita una verdadera soluci\u00f3n a los problemas de este grupo etario.<\/p>\t\t\t\t\t\t\t\t<\/div>\n\t\t\t\t<\/div>\n\t\t\t\t\t<\/div>\n\t\t<\/div>\n\t\t\t\t<div class=\"elementor-column elementor-col-50 elementor-top-column elementor-element elementor-element-6918e5bc\" data-id=\"6918e5bc\" data-element_type=\"column\" data-e-type=\"column\" data-settings=\"{&quot;background_background&quot;:&quot;classic&quot;}\">\n\t\t\t<div class=\"elementor-widget-wrap elementor-element-populated\">\n\t\t\t\t\t<div class=\"elementor-background-overlay\"><\/div>\n\t\t\t\t\t\t<div class=\"elementor-element elementor-element-5e34e987 elementor-widget elementor-widget-spacer\" data-id=\"5e34e987\" data-element_type=\"widget\" data-e-type=\"widget\" data-widget_type=\"spacer.default\">\n\t\t\t\t<div class=\"elementor-widget-container\">\n\t\t\t\t\t\t\t<div class=\"elementor-spacer\">\n\t\t\t<div class=\"elementor-spacer-inner\"><\/div>\n\t\t<\/div>\n\t\t\t\t\t\t<\/div>\n\t\t\t\t<\/div>\n\t\t\t\t<div class=\"elementor-element elementor-element-2c8f7211 elementor-widget elementor-widget-spacer\" data-id=\"2c8f7211\" data-element_type=\"widget\" data-e-type=\"widget\" data-widget_type=\"spacer.default\">\n\t\t\t\t<div class=\"elementor-widget-container\">\n\t\t\t\t\t\t\t<div class=\"elementor-spacer\">\n\t\t\t<div class=\"elementor-spacer-inner\"><\/div>\n\t\t<\/div>\n\t\t\t\t\t\t<\/div>\n\t\t\t\t<\/div>\n\t\t\t\t\t<\/div>\n\t\t<\/div>\n\t\t\t\t\t<\/div>\n\t\t<\/section>\n\t\t\t\t<\/div>\n\t\t","protected":false},"excerpt":{"rendered":"<p>Marco Epidemiol\u00f3gico Seg\u00fan censo del a\u00f1o 2000 los habitantes del estado suman 2, 513,266 de los cuales 993,862 (39.5%) corresponden a menores de 15 a\u00f1os. En 1995 una tercera parte de la poblaci\u00f3n se establec\u00eda en \u00e1reas consideradas rurales y con base en los indicadores de marginaci\u00f3n cinco municipios son considerados como de alta prioridad [&hellip;]<\/p>\n","protected":false},"author":1,"featured_media":0,"parent":0,"menu_order":0,"comment_status":"closed","ping_status":"closed","template":"","meta":{"footnotes":""},"class_list":["post-227","page","type-page","status-publish","hentry"],"_links":{"self":[{"href":"https:\/\/hospitalpediatrico.org\/oficial\/wp-json\/wp\/v2\/pages\/227","targetHints":{"allow":["GET"]}}],"collection":[{"href":"https:\/\/hospitalpediatrico.org\/oficial\/wp-json\/wp\/v2\/pages"}],"about":[{"href":"https:\/\/hospitalpediatrico.org\/oficial\/wp-json\/wp\/v2\/types\/page"}],"author":[{"embeddable":true,"href":"https:\/\/hospitalpediatrico.org\/oficial\/wp-json\/wp\/v2\/users\/1"}],"replies":[{"embeddable":true,"href":"https:\/\/hospitalpediatrico.org\/oficial\/wp-json\/wp\/v2\/comments?post=227"}],"version-history":[{"count":38,"href":"https:\/\/hospitalpediatrico.org\/oficial\/wp-json\/wp\/v2\/pages\/227\/revisions"}],"predecessor-version":[{"id":3990,"href":"https:\/\/hospitalpediatrico.org\/oficial\/wp-json\/wp\/v2\/pages\/227\/revisions\/3990"}],"wp:attachment":[{"href":"https:\/\/hospitalpediatrico.org\/oficial\/wp-json\/wp\/v2\/media?parent=227"}],"curies":[{"name":"wp","href":"https:\/\/api.w.org\/{rel}","templated":true}]}}