{"id":200,"date":"2022-06-22T21:22:23","date_gmt":"2022-06-22T21:22:23","guid":{"rendered":"https:\/\/hospitalpediatrico.org\/oficial\/?page_id=200"},"modified":"2025-10-08T22:33:02","modified_gmt":"2025-10-08T22:33:02","slug":"directorio","status":"publish","type":"page","link":"https:\/\/hospitalpediatrico.org\/oficial\/directorio\/","title":{"rendered":"Directorio"},"content":{"rendered":"\t\t<div data-elementor-type=\"wp-page\" data-elementor-id=\"200\" class=\"elementor elementor-200\">\n\t\t\t\t\t\t<section class=\"elementor-section elementor-top-section elementor-element elementor-element-6eea701 elementor-section-boxed elementor-section-height-default elementor-section-height-default\" data-id=\"6eea701\" data-element_type=\"section\" data-e-type=\"section\">\n\t\t\t\t\t\t<div class=\"elementor-container elementor-column-gap-default\">\n\t\t\t\t\t<div class=\"elementor-column elementor-col-100 elementor-top-column elementor-element elementor-element-bd337ed\" data-id=\"bd337ed\" data-element_type=\"column\" data-e-type=\"column\">\n\t\t\t<div class=\"elementor-widget-wrap\">\n\t\t\t\t\t\t\t<\/div>\n\t\t<\/div>\n\t\t\t\t\t<\/div>\n\t\t<\/section>\n\t\t\t\t<section class=\"elementor-section elementor-top-section elementor-element elementor-element-be977e7 elementor-section-height-min-height elementor-section-boxed elementor-section-height-default elementor-section-items-middle\" data-id=\"be977e7\" data-element_type=\"section\" data-e-type=\"section\" data-settings=\"{&quot;background_background&quot;:&quot;classic&quot;,&quot;shape_divider_bottom&quot;:&quot;curve&quot;,&quot;shape_divider_bottom_negative&quot;:&quot;yes&quot;}\">\n\t\t\t\t\t\t\t<div class=\"elementor-background-overlay\"><\/div>\n\t\t\t\t\t\t<div class=\"elementor-shape elementor-shape-bottom\" aria-hidden=\"true\" data-negative=\"true\">\n\t\t\t<svg xmlns=\"http:\/\/www.w3.org\/2000\/svg\" viewBox=\"0 0 1000 100\" preserveAspectRatio=\"none\">\n\t<path class=\"elementor-shape-fill\" d=\"M500,97C126.7,96.3,0.8,19.8,0,0v100l1000,0V1C1000,19.4,873.3,97.8,500,97z\"\/>\n<\/svg>\t\t<\/div>\n\t\t\t\t\t<div class=\"elementor-container elementor-column-gap-default\">\n\t\t\t\t\t<div class=\"elementor-column elementor-col-100 elementor-top-column elementor-element elementor-element-40d1c645\" data-id=\"40d1c645\" data-element_type=\"column\" data-e-type=\"column\">\n\t\t\t<div class=\"elementor-widget-wrap elementor-element-populated\">\n\t\t\t\t\t\t<section class=\"elementor-section elementor-inner-section elementor-element elementor-element-8372117 elementor-section-full_width elementor-section-height-default elementor-section-height-default\" data-id=\"8372117\" data-element_type=\"section\" data-e-type=\"section\">\n\t\t\t\t\t\t<div class=\"elementor-container elementor-column-gap-default\">\n\t\t\t\t\t<div class=\"elementor-column elementor-col-50 elementor-inner-column elementor-element elementor-element-691d1cd0\" data-id=\"691d1cd0\" data-element_type=\"column\" data-e-type=\"column\">\n\t\t\t<div class=\"elementor-widget-wrap elementor-element-populated\">\n\t\t\t\t\t\t<div class=\"elementor-element elementor-element-4175d41 elementor-widget elementor-widget-heading\" data-id=\"4175d41\" data-element_type=\"widget\" data-e-type=\"widget\" data-widget_type=\"heading.default\">\n\t\t\t\t<div class=\"elementor-widget-container\">\n\t\t\t\t\t<h2 class=\"elementor-heading-title elementor-size-default\">Directorio<\/h2>\t\t\t\t<\/div>\n\t\t\t\t<\/div>\n\t\t\t\t\t<\/div>\n\t\t<\/div>\n\t\t\t\t<div class=\"elementor-column elementor-col-50 elementor-inner-column elementor-element elementor-element-4262d8cc\" data-id=\"4262d8cc\" data-element_type=\"column\" data-e-type=\"column\">\n\t\t\t<div class=\"elementor-widget-wrap\">\n\t\t\t\t\t\t\t<\/div>\n\t\t<\/div>\n\t\t\t\t\t<\/div>\n\t\t<\/section>\n\t\t\t\t\t<\/div>\n\t\t<\/div>\n\t\t\t\t\t<\/div>\n\t\t<\/section>\n\t\t\t\t<section class=\"elementor-section elementor-top-section elementor-element elementor-element-ccb26e0 elementor-section-boxed elementor-section-height-default elementor-section-height-default\" data-id=\"ccb26e0\" data-element_type=\"section\" data-e-type=\"section\">\n\t\t\t\t\t\t<div class=\"elementor-container elementor-column-gap-default\">\n\t\t\t\t\t<div class=\"elementor-column elementor-col-100 elementor-top-column elementor-element elementor-element-1518e48\" data-id=\"1518e48\" data-element_type=\"column\" data-e-type=\"column\">\n\t\t\t<div class=\"elementor-widget-wrap elementor-element-populated\">\n\t\t\t\t\t\t<div class=\"elementor-element elementor-element-4691cf7 elementor-widget__width-inherit elementor-tabs-view-horizontal elementor-widget elementor-widget-tabs\" data-id=\"4691cf7\" data-element_type=\"widget\" data-e-type=\"widget\" data-widget_type=\"tabs.default\">\n\t\t\t\t<div class=\"elementor-widget-container\">\n\t\t\t\t\t\t\t<div class=\"elementor-tabs\">\n\t\t\t<div class=\"elementor-tabs-wrapper\" role=\"tablist\" >\n\t\t\t\t\t\t\t\t\t<div id=\"elementor-tab-title-7391\" class=\"elementor-tab-title elementor-tab-desktop-title\" aria-selected=\"true\" data-tab=\"1\" role=\"tab\" tabindex=\"0\" aria-controls=\"elementor-tab-content-7391\" aria-expanded=\"false\">Directorio M\u00e9dico<\/div>\n\t\t\t\t\t\t\t\t\t<div id=\"elementor-tab-title-7392\" class=\"elementor-tab-title elementor-tab-desktop-title\" aria-selected=\"false\" data-tab=\"2\" role=\"tab\" tabindex=\"-1\" aria-controls=\"elementor-tab-content-7392\" aria-expanded=\"false\">Subdirecci\u00f3n Administrativa<\/div>\n\t\t\t\t\t\t\t\t\t<div id=\"elementor-tab-title-7393\" class=\"elementor-tab-title elementor-tab-desktop-title\" aria-selected=\"false\" data-tab=\"3\" role=\"tab\" tabindex=\"-1\" aria-controls=\"elementor-tab-content-7393\" aria-expanded=\"false\">Subdirecci\u00f3n M\u00e9dica<\/div>\n\t\t\t\t\t\t\t\t\t<div id=\"elementor-tab-title-7394\" class=\"elementor-tab-title elementor-tab-desktop-title\" aria-selected=\"false\" data-tab=\"4\" role=\"tab\" tabindex=\"-1\" aria-controls=\"elementor-tab-content-7394\" aria-expanded=\"false\">Subdirecci\u00f3n de Servicios Auxiliares<\/div>\n\t\t\t\t\t\t\t\t\t<div id=\"elementor-tab-title-7395\" class=\"elementor-tab-title elementor-tab-desktop-title\" aria-selected=\"false\" data-tab=\"5\" role=\"tab\" tabindex=\"-1\" aria-controls=\"elementor-tab-content-7395\" aria-expanded=\"false\">Subdirecci\u00f3n de Enfermer\u00eda<\/div>\n\t\t\t\t\t\t\t\t\t<div id=\"elementor-tab-title-7396\" class=\"elementor-tab-title elementor-tab-desktop-title\" aria-selected=\"false\" data-tab=\"6\" role=\"tab\" tabindex=\"-1\" aria-controls=\"elementor-tab-content-7396\" aria-expanded=\"false\">Unidad Jur\u00eddica<\/div>\n\t\t\t\t\t\t\t\t\t<div id=\"elementor-tab-title-7397\" class=\"elementor-tab-title elementor-tab-desktop-title\" aria-selected=\"false\" data-tab=\"7\" role=\"tab\" tabindex=\"-1\" aria-controls=\"elementor-tab-content-7397\" aria-expanded=\"false\">Unidad de Transparencia<\/div>\n\t\t\t\t\t\t\t<\/div>\n\t\t\t<div class=\"elementor-tabs-content-wrapper\" role=\"tablist\" aria-orientation=\"vertical\">\n\t\t\t\t\t\t\t\t\t<div class=\"elementor-tab-title elementor-tab-mobile-title\" aria-selected=\"true\" data-tab=\"1\" role=\"tab\" tabindex=\"0\" aria-controls=\"elementor-tab-content-7391\" aria-expanded=\"false\">Directorio M\u00e9dico<\/div>\n\t\t\t\t\t<div id=\"elementor-tab-content-7391\" class=\"elementor-tab-content elementor-clearfix\" data-tab=\"1\" role=\"tabpanel\" aria-labelledby=\"elementor-tab-title-7391\" tabindex=\"0\" hidden=\"false\"><table><tbody><tr><td><p><strong>DIRECCION MEDICA<\/strong><\/p><\/td><\/tr><tr><td><p>Dr. Carlos Mijail Su\u00e1rez Arredondo<\/p><\/td><\/tr><tr><td><p><strong>SUBDIRECCION MEDICA<\/strong><\/p><\/td><\/tr><tr><td><p>Dr. Fernando de Jes\u00fas\u00a0 Bodart Rom\u00e1n<\/p><\/td><\/tr><tr><td><p><strong>SUBDIRECCION MEDICA VESPERTINA<\/strong><\/p><\/td><\/tr><tr><td><p>Dra. Laura Elena Salazar Castro<\/p><\/td><\/tr><tr><td><p><strong>SUB DIRECCION MEDICA JORNADA ACUMULADA<\/strong><\/p><\/td><\/tr><tr><td><p>Dr. Pablo Antonio\u00a0 Ojeda Angulo<\/p><\/td><\/tr><tr><td><p><strong>ADIMISTRACION<\/strong><\/p><\/td><\/tr><tr><td><p>Lic. Oscar Wilfrido Araujo Ramos<\/p><\/td><\/tr><tr><td><p><strong>SUB DIRECCION DE SERVICIOS AUXILIARES<\/strong><\/p><\/td><\/tr><tr><td><p>Dra. Cynthia Gabriela\u00a0 Torres Galicia<\/p><\/td><\/tr><tr><td><p><strong>SUB DIRECCION DE ENFERMERIA<\/strong><\/p><\/td><\/tr><tr><td><p>Me. Mixtli Adilene Pe\u00f1a L\u00f3pez<\/p><\/td><\/tr><\/tbody><\/table><\/div>\n\t\t\t\t\t\t\t\t\t<div class=\"elementor-tab-title elementor-tab-mobile-title\" aria-selected=\"false\" data-tab=\"2\" role=\"tab\" tabindex=\"-1\" aria-controls=\"elementor-tab-content-7392\" aria-expanded=\"false\">Subdirecci\u00f3n Administrativa<\/div>\n\t\t\t\t\t<div id=\"elementor-tab-content-7392\" class=\"elementor-tab-content elementor-clearfix\" data-tab=\"2\" role=\"tabpanel\" aria-labelledby=\"elementor-tab-title-7392\" tabindex=\"0\" hidden=\"hidden\"><table><tbody><tr><td colspan=\"9\"><p><strong>SUBDIRECCI\u00d3N ADMINISTRATIVA<\/strong><\/p><\/td><td><p><strong>NOMBRE<\/strong><\/p><\/td><\/tr><tr><td colspan=\"9\"><p>Biom\u00e9dica<\/p><\/td><td><p>Ing. Sinhue Everardo Acosta Osuna<\/p><\/td><\/tr><tr><td colspan=\"9\"><p>Recursos Financieros<\/p><\/td><td><p>Lic. Marlenne Karime Osuna Bolado<\/p><\/td><\/tr><tr><td colspan=\"9\"><p>Recursos Humanos<\/p><\/td><td><p>Lic. Hermelinda Avenda\u00f1o Guti\u00e9rrez<\/p><\/td><\/tr><tr><td colspan=\"9\"><p>Adquisiciones<\/p><\/td><td><p>Lic. Manuela Collantes Garc\u00eda<\/p><\/td><\/tr><tr><td colspan=\"9\"><p>Almac\u00e9n General y Activos Fijos<\/p><\/td><td><p>C. Olga Lucero Pimental Labrada<\/p><\/td><\/tr><tr><td colspan=\"9\"><p>Servicios Generales<\/p><\/td><td><p>Ing. Jose Luis Ochoa Arellano<\/p><\/td><\/tr><tr><td colspan=\"9\"><p>Mantenimiento<\/p><\/td><td><p>MII. Samuel Oswaldo Loya Acosta<\/p><\/td><\/tr><tr><td colspan=\"9\"><p>Farmacia<\/p><\/td><td><p>Mar\u00eda Conchita Calder\u00f3n Romero<\/p><\/td><\/tr><tr><td colspan=\"9\"><p>Inform\u00e1tica<\/p><\/td><td><p>Lic. Jorge Antonio Cruz Sainz<\/p><\/td><\/tr><\/tbody><\/table><\/div>\n\t\t\t\t\t\t\t\t\t<div class=\"elementor-tab-title elementor-tab-mobile-title\" aria-selected=\"false\" data-tab=\"3\" role=\"tab\" tabindex=\"-1\" aria-controls=\"elementor-tab-content-7393\" aria-expanded=\"false\">Subdirecci\u00f3n M\u00e9dica<\/div>\n\t\t\t\t\t<div id=\"elementor-tab-content-7393\" class=\"elementor-tab-content elementor-clearfix\" data-tab=\"3\" role=\"tabpanel\" aria-labelledby=\"elementor-tab-title-7393\" tabindex=\"0\" hidden=\"hidden\"><table><tbody><tr><td colspan=\"9\"><p><strong>SUBDIRECCI\u00d3N M\u00c9DICA\u00a0<\/strong><\/p><\/td><td><p><strong>NOMBRE\u00a0<\/strong><\/p><\/td><\/tr><tr><td colspan=\"9\"><p>Ense\u00f1anza e investigaci\u00f3n<\/p><\/td><td><p>Dr. Adri\u00e1n Gonz\u00e1lez L\u00f3pez<\/p><\/td><\/tr><tr><td colspan=\"9\"><p>Terapia Intensiva<\/p><\/td><td><p>Dra. Vianey Melchor Garc\u00eda<\/p><\/td><\/tr><tr><td colspan=\"9\"><p>Urgencias<\/p><\/td><td><p>Dr. Edgardo Tostado Morales<\/p><\/td><\/tr><tr><td colspan=\"9\"><p>Neonatolog\u00eda<\/p><\/td><td><p>Dra. Aleyda Zazueta Ch\u00e1vez<\/p><\/td><\/tr><tr><td colspan=\"9\"><p>Terapia Respiratoria ( Inhaloterapia )<\/p><\/td><td><p>Dra. Ana Mar\u00eda\u00a0 L\u00f3pez Reyes<\/p><\/td><\/tr><tr><td colspan=\"9\"><p>Neumolog\u00eda<\/p><\/td><td><p>Dr. Rigoberto Carrasco F\u00e9lix<\/p><\/td><\/tr><tr><td colspan=\"9\"><p>Hematolog\u00eda -Oncolog\u00eda y Medicina Trasnfuncional<\/p><\/td><td><p>Dr. Altamirano \u00c1lvarez Eduardo<\/p><\/td><\/tr><tr><td colspan=\"9\"><p>Neurolog\u00eda<\/p><\/td><td><p>Dr. Abel Aguilar Ortega<\/p><\/td><\/tr><tr><td colspan=\"9\"><p>Nefrolog\u00eda<\/p><\/td><td><p>Dra. Iyali Margarita Corrales Cambero<\/p><\/td><\/tr><tr><td colspan=\"9\"><p>Endrocrinolog\u00eda<\/p><\/td><td><p>Dra. Eva Cecilia Zu\u00f1iga Haro<\/p><\/td><\/tr><tr><td colspan=\"9\"><p>Oncolog\u00eda<\/p><\/td><td><p>Dra. Obdilia Guti\u00e9rrez Guzm\u00e1n<\/p><\/td><\/tr><tr><td colspan=\"9\"><p>Infectolog\u00eda<\/p><\/td><td><p>Dr. Carlos Alberto Vel\u00e1zquez R\u00edos\u00a0<\/p><\/td><\/tr><tr><td colspan=\"9\"><p>Gastroenterolog\u00eda<\/p><\/td><td><p>Dra. Vianey Paola Zamudio V\u00e1zquez<\/p><\/td><\/tr><tr><td colspan=\"9\"><p>Cardiolog\u00eda<\/p><\/td><td><p>Dr. Jos\u00e9 Antonio Quibrera Matienzo<\/p><\/td><\/tr><tr><td colspan=\"9\"><p>Consulta externa<\/p><\/td><td><p>Dra. Aleida L\u00f3pez Barajas<\/p><\/td><\/tr><tr><td colspan=\"9\"><p>Consulta especialidades<\/p><\/td><td><p>Dr. Jorge Rolando Romero Bazua<\/p><\/td><\/tr><tr><td colspan=\"9\"><p>Estomatolog\u00eda y Ortodoncia<\/p><\/td><td><p>Dra. Raquel Salazar M\u00e1rquez<\/p><\/td><\/tr><tr><td colspan=\"9\"><p>Gen\u00e9tica<\/p><\/td><td><p>Dr. Jes\u00fas Ernesto Due\u00f1as Arias<\/p><\/td><\/tr><tr><td colspan=\"9\"><p>Vigilancia Epidemi\u00f3loga Hospitalaria<\/p><\/td><td><p>Ep. Rosalino Flores Rocha<\/p><\/td><\/tr><tr><td colspan=\"9\"><p>Psicolog\u00eda<\/p><\/td><td><p>Lic. Alma Leticia Pantoja C\u00e1rdenas<\/p><\/td><\/tr><tr><td colspan=\"9\"><p>Anestesiolog\u00eda y Quir\u00f3fano<\/p><\/td><td><p>Dr. Jes\u00fas Oscar Soto Quintero<\/p><\/td><\/tr><tr><td colspan=\"9\"><p>Cirug\u00eda<\/p><\/td><td><p>Dr. Juan Manuel Zazueta Tirado<\/p><\/td><\/tr><tr><td colspan=\"9\"><p>Traumatolog\u00eda y Ortopedia<\/p><\/td><td><p>Dr.\u00a0 Ra\u00fal Mercado L\u00f3pez<\/p><\/td><\/tr><tr><td colspan=\"9\"><p>Oftalmolog\u00eda<\/p><\/td><td><p>Dra.\u00a0 Elvia Rosa Garc\u00eda de la Hoz<\/p><\/td><\/tr><tr><td colspan=\"9\"><p>Otorrinolaringolog\u00eda<\/p><\/td><td><p>Dr. Arturo Alanis Ibarra<\/p><\/td><\/tr><tr><td colspan=\"9\"><p>Neurocirug\u00eda<\/p><\/td><td><p>Dr. V\u00edctor Manuel Zazueta Rivas<\/p><\/td><\/tr><tr><td colspan=\"9\"><p>Cirug\u00eda Cardiovascular<\/p><\/td><td><p>Dr. Jes\u00fas Ram\u00f3n Figuero Vega<\/p><\/td><\/tr><tr><td colspan=\"9\"><p>Cirug\u00eda Pl\u00e1stica y Reconstructiva<\/p><\/td><td><p>Dr. Jes\u00fas Arnoldo Meza Hern\u00e1ndez<\/p><\/td><\/tr><tr><td colspan=\"9\"><p>Planeaci\u00f3n<\/p><\/td><td><p>M. Iv\u00e1n Rafael Mendoza Zu\u00f1iga<\/p><\/td><\/tr><tr><td colspan=\"9\"><p>Calidad<\/p><\/td><td><p>Enf. Fabiola S\u00e1nchez Mapula<\/p><\/td><\/tr><\/tbody><\/table><\/div>\n\t\t\t\t\t\t\t\t\t<div class=\"elementor-tab-title elementor-tab-mobile-title\" aria-selected=\"false\" data-tab=\"4\" role=\"tab\" tabindex=\"-1\" aria-controls=\"elementor-tab-content-7394\" aria-expanded=\"false\">Subdirecci\u00f3n de Servicios Auxiliares<\/div>\n\t\t\t\t\t<div id=\"elementor-tab-content-7394\" class=\"elementor-tab-content elementor-clearfix\" data-tab=\"4\" role=\"tabpanel\" aria-labelledby=\"elementor-tab-title-7394\" tabindex=\"0\" hidden=\"hidden\"><table><tbody><tr><td colspan=\"9\"><p><strong>SUBDIRECCI\u00d3N DE SERVICIOS AUXILIARES<\/strong><\/p><\/td><td><p><strong>NOMBRE<\/strong><\/p><\/td><\/tr><tr><td colspan=\"9\"><p>Banco de Sangre<\/p><\/td><td><p>Dr. Moises Solano Cardozo<\/p><\/td><\/tr><tr><td colspan=\"9\"><p>Alimentaci\u00f3n Diet\u00e9tica<\/p><\/td><td><p>Lic. Beatriz Elena Ibarra Y\u00e1\u00f1ez<\/p><\/td><\/tr><tr><td colspan=\"9\"><p>Laboratorio<\/p><\/td><td><p>QFB. Maria Leticia F\u00e9lix Miranda<\/p><\/td><\/tr><tr><td colspan=\"9\"><p>Anatom\u00eda Patolog\u00eda<\/p><\/td><td><p>Pat. Eri Pe\u00f1a Mart\u00ednez<\/p><\/td><\/tr><tr><td colspan=\"9\"><p>Imagenolog\u00eda<\/p><\/td><td><p>Dr. Jos\u00e9 Guadalupe Mendoza Flores<\/p><\/td><\/tr><tr><td colspan=\"9\"><p>Trabajo Social<\/p><\/td><td><p>Lic. Maria de la Cruz Olgu\u00edn Mendoza<\/p><\/td><\/tr><tr><td colspan=\"9\"><p>Archivo Cl\u00ednico<\/p><\/td><td><p>Lic. Dalia Ram\u00edrez Morales<\/p><\/td><\/tr><tr><td colspan=\"9\"><p>IMSS Bienestar<\/p><\/td><td><p>Dra. Maria Luisa Rodr\u00edguez Le\u00f3n<\/p><\/td><\/tr><tr><td colspan=\"9\"><p>Albergue<\/p><p>\u00a0<\/p><p>Alianza Estrat\u00e9gica\u00a0<\/p><\/td><td><p>Abril Tostado<\/p><p>\u00a0<\/p><p>Dra. Cynthia Torres Galicia<\/p><\/td><\/tr><\/tbody><\/table><\/div>\n\t\t\t\t\t\t\t\t\t<div class=\"elementor-tab-title elementor-tab-mobile-title\" aria-selected=\"false\" data-tab=\"5\" role=\"tab\" tabindex=\"-1\" aria-controls=\"elementor-tab-content-7395\" aria-expanded=\"false\">Subdirecci\u00f3n de Enfermer\u00eda<\/div>\n\t\t\t\t\t<div id=\"elementor-tab-content-7395\" class=\"elementor-tab-content elementor-clearfix\" data-tab=\"5\" role=\"tabpanel\" aria-labelledby=\"elementor-tab-title-7395\" tabindex=\"0\" hidden=\"hidden\"><table><tbody><tr><td><p><strong>SUBDIRECCI\u00d3N DE ENFEMER\u00cdA<\/strong><\/p><\/td><td><p><strong>NOMBRE<\/strong><\/p><\/td><\/tr><tr><td><p>Unidad Quir\u00fargica<\/p><\/td><td><p>Enf. Luis Carlos Garc\u00eda Guzm\u00e1n<\/p><\/td><\/tr><tr><td><p>Urgencias<\/p><\/td><td><p>Enf. Alejandra Osuna Garcia<\/p><\/td><\/tr><tr><td><p>Central de Equipos y Esterilizaci\u00f3n<\/p><\/td><td><p>Enf. Rosa Esthela Robles Uriarte<\/p><\/td><\/tr><tr><td><p>Inhaloterapia<\/p><\/td><td><p>Enf. Ana Guadalupe Cruz Castillo<\/p><\/td><\/tr><tr><td><p>Gastroenterolog\u00eda y endoscop\u00eda Digestiva<\/p><\/td><td><p>Enf. \u00c1ngelica Vega Mill\u00e1n<\/p><\/td><\/tr><tr><td><p>Infectolog\u00eda<\/p><\/td><td><p>Enf. Nancy Rebeca D\u00edaz Beltr\u00e1n<\/p><\/td><\/tr><tr><td><p>Consulta externa de especialidades<\/p><\/td><td><p>Enf. Shery Guadalupe Avenda\u00f1o Morachis<\/p><\/td><\/tr><tr><td><p>Medicina Interna y trauma<\/p><\/td><td><p>Enf. Mar\u00eda del Rosario Chamorro Chairez<\/p><\/td><\/tr><tr><td><p>Onco-Hematolog\u00eda<\/p><\/td><td><p>Enf. Claudia de los \u00c1ngeles Zazueta Le\u00f3n<\/p><\/td><\/tr><tr><td><p>Cl\u00ednica de Heridas<\/p><\/td><td><p>Enf. Mar\u00eda Consuelo Chac\u00f3n Zapi\u00e9n<\/p><\/td><\/tr><tr><td><p>Programa de Infecciones Nosocomiales<\/p><\/td><td><p>Enf. Paulina Guadalupe\u00a0 Hern\u00e1ndez Cruz<\/p><\/td><\/tr><tr><td><p>\u00c1rea de Diagn\u00f3stico<\/p><\/td><td><p>Enf. Paola Ivete Quiroz Escalante<\/p><\/td><\/tr><tr><td><p>Medicina Transfuncional<\/p><\/td><td><p>Enf. Favela Bernal Jessica Lizbeth<\/p><\/td><\/tr><tr><td><p>Cl\u00ednica de Cat\u00e9teres<\/p><\/td><td><p>Enf. Mar\u00eda Guadalupe Araujo Res\u00e9ndiz<\/p><\/td><\/tr><tr><td><p>Terapia Intensiva Pedi\u00e1trica<\/p><\/td><td><p>Enf. Soledad Ibarra Y\u00e1\u00f1ez<\/p><\/td><\/tr><tr><td><p>Neonatolog\u00eda<\/p><\/td><td><p>Enf. Sandra Elena Ben\u00edtez L\u00f3pez<\/p><\/td><\/tr><tr><td><p>Medicina Preventiva<\/p><\/td><td><p>Enf. Silvia Viridiana Angulo Leyva<\/p><\/td><\/tr><tr><td><p>Ense\u00f1anza,investigaci\u00f3n y docencia<\/p><\/td><td><p>Enf. Alba Berenice Madue\u00f1o Madrigal<\/p><\/td><\/tr><\/tbody><\/table><\/div>\n\t\t\t\t\t\t\t\t\t<div class=\"elementor-tab-title elementor-tab-mobile-title\" aria-selected=\"false\" data-tab=\"6\" role=\"tab\" tabindex=\"-1\" aria-controls=\"elementor-tab-content-7396\" aria-expanded=\"false\">Unidad Jur\u00eddica<\/div>\n\t\t\t\t\t<div id=\"elementor-tab-content-7396\" class=\"elementor-tab-content elementor-clearfix\" data-tab=\"6\" role=\"tabpanel\" aria-labelledby=\"elementor-tab-title-7396\" tabindex=\"0\" hidden=\"hidden\"><table><tbody><tr><td colspan=\"9\"><p><strong>UNIDAD JUR\u00cdDICA<\/strong><\/p><\/td><td><p><strong>NOMBRE<\/strong><\/p><\/td><\/tr><tr><td colspan=\"9\"><p>Jur\u00eddico Consultor<\/p><\/td><td><p>Lic. Dolores Adriana G\u00e1mez Maldonado<\/p><\/td><\/tr><tr><td colspan=\"9\"><p>Medicina Legal<\/p><\/td><td><p>Dra. Ana Luisa Castro Medina<\/p><\/td><\/tr><\/tbody><\/table><\/div>\n\t\t\t\t\t\t\t\t\t<div class=\"elementor-tab-title elementor-tab-mobile-title\" aria-selected=\"false\" data-tab=\"7\" role=\"tab\" tabindex=\"-1\" aria-controls=\"elementor-tab-content-7397\" aria-expanded=\"false\">Unidad de Transparencia<\/div>\n\t\t\t\t\t<div id=\"elementor-tab-content-7397\" class=\"elementor-tab-content elementor-clearfix\" data-tab=\"7\" role=\"tabpanel\" aria-labelledby=\"elementor-tab-title-7397\" tabindex=\"0\" hidden=\"hidden\"><table><tbody><tr><td colspan=\"9\"><p><strong>UNIDAD DE TRANSPARENCIA Y DE ACCESO A LA INFORMACI\u00d3N<\/strong><\/p><\/td><td><p><strong>NOMBRE<\/strong><\/p><\/td><\/tr><tr><td colspan=\"9\"><p>Transparencia<\/p><\/td><td><p>Lic.\u00a0 Mar\u00eda Soledad Nava Casta\u00f1eda<\/p><\/td><\/tr><\/tbody><\/table><\/div>\n\t\t\t\t\t\t\t<\/div>\n\t\t<\/div>\n\t\t\t\t\t\t<\/div>\n\t\t\t\t<\/div>\n\t\t\t\t\t<\/div>\n\t\t<\/div>\n\t\t\t\t\t<\/div>\n\t\t<\/section>\n\t\t\t\t<\/div>\n\t\t","protected":false},"excerpt":{"rendered":"<p>Directorio Directorio M\u00e9dico Subdirecci\u00f3n Administrativa Subdirecci\u00f3n M\u00e9dica Subdirecci\u00f3n de Servicios Auxiliares Subdirecci\u00f3n de Enfermer\u00eda Unidad Jur\u00eddica Unidad de Transparencia Directorio M\u00e9dico DIRECCION MEDICA Dr. Carlos Mijail Su\u00e1rez Arredondo SUBDIRECCION MEDICA Dr. Fernando de Jes\u00fas\u00a0 Bodart Rom\u00e1n SUBDIRECCION MEDICA VESPERTINA Dra. Laura Elena Salazar Castro SUB DIRECCION MEDICA JORNADA ACUMULADA Dr. Pablo Antonio\u00a0 Ojeda Angulo ADIMISTRACION [&hellip;]<\/p>\n","protected":false},"author":1,"featured_media":0,"parent":0,"menu_order":0,"comment_status":"closed","ping_status":"closed","template":"elementor_header_footer","meta":{"footnotes":""},"class_list":["post-200","page","type-page","status-publish","hentry"],"_links":{"self":[{"href":"https:\/\/hospitalpediatrico.org\/oficial\/wp-json\/wp\/v2\/pages\/200","targetHints":{"allow":["GET"]}}],"collection":[{"href":"https:\/\/hospitalpediatrico.org\/oficial\/wp-json\/wp\/v2\/pages"}],"about":[{"href":"https:\/\/hospitalpediatrico.org\/oficial\/wp-json\/wp\/v2\/types\/page"}],"author":[{"embeddable":true,"href":"https:\/\/hospitalpediatrico.org\/oficial\/wp-json\/wp\/v2\/users\/1"}],"replies":[{"embeddable":true,"href":"https:\/\/hospitalpediatrico.org\/oficial\/wp-json\/wp\/v2\/comments?post=200"}],"version-history":[{"count":94,"href":"https:\/\/hospitalpediatrico.org\/oficial\/wp-json\/wp\/v2\/pages\/200\/revisions"}],"predecessor-version":[{"id":6808,"href":"https:\/\/hospitalpediatrico.org\/oficial\/wp-json\/wp\/v2\/pages\/200\/revisions\/6808"}],"wp:attachment":[{"href":"https:\/\/hospitalpediatrico.org\/oficial\/wp-json\/wp\/v2\/media?parent=200"}],"curies":[{"name":"wp","href":"https:\/\/api.w.org\/{rel}","templated":true}]}}