{"id":1799,"date":"2022-09-09T20:57:56","date_gmt":"2022-09-09T20:57:56","guid":{"rendered":"https:\/\/hospitalpediatrico.org\/oficial\/?page_id=1799"},"modified":"2023-08-11T22:43:23","modified_gmt":"2023-08-11T22:43:23","slug":"noticias","status":"publish","type":"page","link":"https:\/\/hospitalpediatrico.org\/oficial\/noticias\/","title":{"rendered":"Noticias"},"content":{"rendered":"\t\t<div data-elementor-type=\"wp-page\" data-elementor-id=\"1799\" class=\"elementor elementor-1799\">\n\t\t\t\t\t\t<section class=\"elementor-section elementor-top-section elementor-element elementor-element-7537c7d9 elementor-section-height-min-height elementor-section-boxed elementor-section-height-default elementor-section-items-middle\" data-id=\"7537c7d9\" data-element_type=\"section\" data-e-type=\"section\" data-settings=\"{&quot;background_background&quot;:&quot;classic&quot;,&quot;shape_divider_bottom&quot;:&quot;curve&quot;,&quot;shape_divider_bottom_negative&quot;:&quot;yes&quot;}\">\n\t\t\t\t\t\t\t<div class=\"elementor-background-overlay\"><\/div>\n\t\t\t\t\t\t<div class=\"elementor-shape elementor-shape-bottom\" aria-hidden=\"true\" data-negative=\"true\">\n\t\t\t<svg xmlns=\"http:\/\/www.w3.org\/2000\/svg\" viewBox=\"0 0 1000 100\" preserveAspectRatio=\"none\">\n\t<path class=\"elementor-shape-fill\" d=\"M500,97C126.7,96.3,0.8,19.8,0,0v100l1000,0V1C1000,19.4,873.3,97.8,500,97z\"\/>\n<\/svg>\t\t<\/div>\n\t\t\t\t\t<div class=\"elementor-container elementor-column-gap-default\">\n\t\t\t\t\t<div class=\"elementor-column elementor-col-100 elementor-top-column elementor-element elementor-element-6fde4887\" data-id=\"6fde4887\" data-element_type=\"column\" data-e-type=\"column\">\n\t\t\t<div class=\"elementor-widget-wrap elementor-element-populated\">\n\t\t\t\t\t\t<section class=\"elementor-section elementor-inner-section elementor-element elementor-element-14659d71 elementor-section-full_width elementor-section-height-default elementor-section-height-default\" data-id=\"14659d71\" data-element_type=\"section\" data-e-type=\"section\">\n\t\t\t\t\t\t<div class=\"elementor-container elementor-column-gap-default\">\n\t\t\t\t\t<div class=\"elementor-column elementor-col-100 elementor-inner-column elementor-element elementor-element-5255487a\" data-id=\"5255487a\" data-element_type=\"column\" data-e-type=\"column\">\n\t\t\t<div class=\"elementor-widget-wrap elementor-element-populated\">\n\t\t\t\t\t\t<div class=\"elementor-element elementor-element-7ec75bd elementor-widget elementor-widget-heading\" data-id=\"7ec75bd\" data-element_type=\"widget\" data-e-type=\"widget\" data-widget_type=\"heading.default\">\n\t\t\t\t<div class=\"elementor-widget-container\">\n\t\t\t\t\t<h2 class=\"elementor-heading-title elementor-size-default\">Noticias HPS<\/h2>\t\t\t\t<\/div>\n\t\t\t\t<\/div>\n\t\t\t\t\t<\/div>\n\t\t<\/div>\n\t\t\t\t\t<\/div>\n\t\t<\/section>\n\t\t\t\t\t<\/div>\n\t\t<\/div>\n\t\t\t\t\t<\/div>\n\t\t<\/section>\n\t\t\t\t<section class=\"elementor-section elementor-top-section elementor-element elementor-element-f3143da elementor-section-boxed elementor-section-height-default elementor-section-height-default\" data-id=\"f3143da\" data-element_type=\"section\" data-e-type=\"section\" data-settings=\"{&quot;background_background&quot;:&quot;classic&quot;}\">\n\t\t\t\t\t\t<div class=\"elementor-container elementor-column-gap-default\">\n\t\t\t\t\t<div class=\"elementor-column elementor-col-100 elementor-top-column elementor-element elementor-element-2c2f9dd\" data-id=\"2c2f9dd\" data-element_type=\"column\" data-e-type=\"column\">\n\t\t\t<div class=\"elementor-widget-wrap elementor-element-populated\">\n\t\t\t\t\t\t<div class=\"elementor-element elementor-element-0eab0a5 eael-dual-header-content-align-left elementor-widget elementor-widget-eael-dual-color-header\" data-id=\"0eab0a5\" data-element_type=\"widget\" data-e-type=\"widget\" data-widget_type=\"eael-dual-color-header.default\">\n\t\t\t\t<div class=\"elementor-widget-container\">\n\t\t\t\t\t\t\t\t<div class=\"eael-dual-header\">\n\t\t\t\t<h2 class=\"title eael-dch-title\"><span class=\"eael-dch-title-text eael-dch-title-lead lead solid-color\">Eventos de interes<\/span> <span class=\"eael-dch-title-text\">para nuestros pacientes<\/span><\/h2>\t\t\t\t\t<span class=\"subtext\"><p>Noticias HPS<\/p><\/span>\n\t\t\t\t\t\t\t<\/div>\n\n\t\t\t\t\t\t<\/div>\n\t\t\t\t<\/div>\n\t\t\t\t<div class=\"elementor-element elementor-element-d836198 elementor-widget-divider--view-line elementor-widget elementor-widget-divider\" data-id=\"d836198\" data-element_type=\"widget\" data-e-type=\"widget\" data-widget_type=\"divider.default\">\n\t\t\t\t<div class=\"elementor-widget-container\">\n\t\t\t\t\t\t\t<div class=\"elementor-divider\">\n\t\t\t<span class=\"elementor-divider-separator\">\n\t\t\t\t\t\t<\/span>\n\t\t<\/div>\n\t\t\t\t\t\t<\/div>\n\t\t\t\t<\/div>\n\t\t\t\t<div class=\"elementor-element elementor-element-1cdbe78 elementor-grid-eael-col-4 elementor-grid-tablet-eael-col-2 elementor-grid-mobile-eael-col-1 elementor-widget elementor-widget-eael-post-grid\" data-id=\"1cdbe78\" data-element_type=\"widget\" data-e-type=\"widget\" data-settings=\"{&quot;eael_post_grid_columns&quot;:&quot;eael-col-4&quot;,&quot;eael_post_grid_columns_tablet&quot;:&quot;eael-col-2&quot;,&quot;eael_post_grid_columns_mobile&quot;:&quot;eael-col-1&quot;}\" data-widget_type=\"eael-post-grid.default\">\n\t\t\t\t<div class=\"elementor-widget-container\">\n\t\t\t\t\t<div id=\"eael-post-grid-1cdbe78\" class=\"eael-post-grid-container\">\n            <div class=\"eael-post-grid eael-post-appender eael-post-appender-1cdbe78 eael-post-grid-style-one\" data-layout-mode=\"masonry\"><article class=\"eael-grid-post  eael-post-grid-column eael-pg-post-6869 category-noticias\" data-id=\"6869\">\n        <div class=\"eael-grid-post-holder\">\n            <div class=\"eael-grid-post-holder-inner\"><div class=\"eael-entry-media\"><div class=\"eael-entry-overlay fade-in\"><i class=\"fas fa-long-arrow-alt-right\" aria-hidden=\"true\"><\/i><a href=\"https:\/\/hospitalpediatrico.org\/oficial\/medicina-preventiva\/\"><\/a><\/div><div class=\"eael-entry-thumbnail \">\n                <img fetchpriority=\"high\" decoding=\"async\" width=\"240\" height=\"300\" src=\"https:\/\/hospitalpediatrico.org\/oficial\/wp-content\/uploads\/2025\/12\/Imagen-de-WhatsApp-2025-12-15-a-las-20.25.13_19f62da9.jpg\" class=\"attachment-medium size-medium wp-image-6872\" alt=\"\" \/>\n            <\/div>\n        <\/div><div class=\"eael-entry-wrapper\"><header class=\"eael-entry-header\"><h2 class=\"eael-entry-title\"><a class=\"eael-grid-post-link\" href=\"https:\/\/hospitalpediatrico.org\/oficial\/medicina-preventiva\/\" title=\"Medicina Preventiva\">Medicina Preventiva<\/a><\/h2><\/header><div class=\"eael-entry-content\">\n                        <div class=\"eael-grid-post-excerpt\"><p>Comunicado<\/p><a href=\"https:\/\/hospitalpediatrico.org\/oficial\/medicina-preventiva\/\" class=\"eael-post-elements-readmore-btn\">Leer m\u00e1s<\/a><\/div>\n                    <\/div><div class=\"eael-entry-footer\"><div class=\"eael-entry-meta\"><\/div><\/div><\/div><\/div>\n        <\/div>\n    <\/article><article class=\"eael-grid-post  eael-post-grid-column eael-pg-post-6859 category-noticias\" data-id=\"6859\">\n        <div class=\"eael-grid-post-holder\">\n            <div class=\"eael-grid-post-holder-inner\"><div class=\"eael-entry-media\"><div class=\"eael-entry-overlay fade-in\"><i class=\"fas fa-long-arrow-alt-right\" aria-hidden=\"true\"><\/i><a href=\"https:\/\/hospitalpediatrico.org\/oficial\/pruebas-edi\/\"><\/a><\/div><div class=\"eael-entry-thumbnail \">\n                <img decoding=\"async\" width=\"169\" height=\"300\" src=\"https:\/\/hospitalpediatrico.org\/oficial\/wp-content\/uploads\/2025\/12\/Imagen-de-WhatsApp-2025-11-28-a-las-18.06.29_083cdd61.jpg\" class=\"attachment-medium size-medium wp-image-6863\" alt=\"\" \/>\n            <\/div>\n        <\/div><div class=\"eael-entry-wrapper\"><header class=\"eael-entry-header\"><h2 class=\"eael-entry-title\"><a class=\"eael-grid-post-link\" href=\"https:\/\/hospitalpediatrico.org\/oficial\/pruebas-edi\/\" title=\"PRUEBAS EDI\">PRUEBAS EDI<\/a><\/h2><\/header><div class=\"eael-entry-content\">\n                        <div class=\"eael-grid-post-excerpt\"><p>PRUEBAS EDI El Hospital pedi\u00e1trico de Sinaloa IMSS- Bienestar se empez\u00f3 a aplicar la Prueba de Evaluaci\u00f3n de Desarrollo Infantil...<\/p><a href=\"https:\/\/hospitalpediatrico.org\/oficial\/pruebas-edi\/\" class=\"eael-post-elements-readmore-btn\">Leer m\u00e1s<\/a><\/div>\n                    <\/div><div class=\"eael-entry-footer\"><div class=\"eael-entry-meta\"><\/div><\/div><\/div><\/div>\n        <\/div>\n    <\/article><article class=\"eael-grid-post  eael-post-grid-column eael-pg-post-6847 category-noticias\" data-id=\"6847\">\n        <div class=\"eael-grid-post-holder\">\n            <div class=\"eael-grid-post-holder-inner\"><div class=\"eael-entry-media\"><div class=\"eael-entry-overlay fade-in\"><i class=\"fas fa-long-arrow-alt-right\" aria-hidden=\"true\"><\/i><a href=\"https:\/\/hospitalpediatrico.org\/oficial\/tres-nuevas-oportunidades-para-escuchar\/\"><\/a><\/div><div class=\"eael-entry-thumbnail \">\n                <img decoding=\"async\" width=\"300\" height=\"211\" src=\"https:\/\/hospitalpediatrico.org\/oficial\/wp-content\/uploads\/2025\/11\/Imagen-de-WhatsApp-2025-11-13-a-las-09.29.16_111596b1.jpg\" class=\"attachment-medium size-medium wp-image-6848\" alt=\"\" \/>\n            <\/div>\n        <\/div><div class=\"eael-entry-wrapper\"><header class=\"eael-entry-header\"><h2 class=\"eael-entry-title\"><a class=\"eael-grid-post-link\" href=\"https:\/\/hospitalpediatrico.org\/oficial\/tres-nuevas-oportunidades-para-escuchar\/\" title=\"!Tres nuevas oportunidades para escuchar!\">!Tres nuevas oportunidades para escuchar!<\/a><\/h2><\/header><div class=\"eael-entry-content\">\n                        <div class=\"eael-grid-post-excerpt\"><p>!Tres nuevas oportunidades para escuchar! Hoy, en el Hospital Pedi\u00e1trico de Sinaloa, tres pacientes fueron sometidos a cirug\u00eda de implante...<\/p><a href=\"https:\/\/hospitalpediatrico.org\/oficial\/tres-nuevas-oportunidades-para-escuchar\/\" class=\"eael-post-elements-readmore-btn\">Leer m\u00e1s<\/a><\/div>\n                    <\/div><div class=\"eael-entry-footer\"><div class=\"eael-entry-meta\"><\/div><\/div><\/div><\/div>\n        <\/div>\n    <\/article><article class=\"eael-grid-post  eael-post-grid-column eael-pg-post-6836 category-noticias\" data-id=\"6836\">\n        <div class=\"eael-grid-post-holder\">\n            <div class=\"eael-grid-post-holder-inner\"><div class=\"eael-entry-media\"><div class=\"eael-entry-overlay fade-in\"><i class=\"fas fa-long-arrow-alt-right\" aria-hidden=\"true\"><\/i><a href=\"https:\/\/hospitalpediatrico.org\/oficial\/se-suman-3-cirugias-mas-de-implante-coclear\/\"><\/a><\/div><div class=\"eael-entry-thumbnail \">\n                <img loading=\"lazy\" decoding=\"async\" width=\"300\" height=\"168\" src=\"https:\/\/hospitalpediatrico.org\/oficial\/wp-content\/uploads\/2025\/11\/Imagen-de-WhatsApp-2025-11-06-a-las-12.31.40_7dac826a.jpg\" class=\"attachment-medium size-medium wp-image-6837\" alt=\"\" \/>\n            <\/div>\n        <\/div><div class=\"eael-entry-wrapper\"><header class=\"eael-entry-header\"><h2 class=\"eael-entry-title\"><a class=\"eael-grid-post-link\" href=\"https:\/\/hospitalpediatrico.org\/oficial\/se-suman-3-cirugias-mas-de-implante-coclear\/\" title=\"Se suman 3 cirug\u00edas mas de implante coclear.\">Se suman 3 cirug\u00edas mas de implante coclear.<\/a><\/h2><\/header><div class=\"eael-entry-content\">\n                        <div class=\"eael-grid-post-excerpt\"><p>Se suman 3 cirug\u00edas mas de implante coclear. Un d\u00eda lleno de esperanza y sonido en el Hospital Pedi\u00e1trico de...<\/p><a href=\"https:\/\/hospitalpediatrico.org\/oficial\/se-suman-3-cirugias-mas-de-implante-coclear\/\" class=\"eael-post-elements-readmore-btn\">Leer m\u00e1s<\/a><\/div>\n                    <\/div><div class=\"eael-entry-footer\"><div class=\"eael-entry-meta\"><\/div><\/div><\/div><\/div>\n        <\/div>\n    <\/article><article class=\"eael-grid-post  eael-post-grid-column eael-pg-post-6828 category-noticias\" data-id=\"6828\">\n        <div class=\"eael-grid-post-holder\">\n            <div class=\"eael-grid-post-holder-inner\"><div class=\"eael-entry-media\"><div class=\"eael-entry-overlay fade-in\"><i class=\"fas fa-long-arrow-alt-right\" aria-hidden=\"true\"><\/i><a href=\"https:\/\/hospitalpediatrico.org\/oficial\/capacitacion-para-fortalecer-respuestas-medicas-en-sinaloa\/\"><\/a><\/div><div class=\"eael-entry-thumbnail \">\n                <img loading=\"lazy\" decoding=\"async\" width=\"300\" height=\"169\" src=\"https:\/\/hospitalpediatrico.org\/oficial\/wp-content\/uploads\/2025\/11\/IMG-20251106-WA0024.jpg\" class=\"attachment-medium size-medium wp-image-6831\" alt=\"\" \/>\n            <\/div>\n        <\/div><div class=\"eael-entry-wrapper\"><header class=\"eael-entry-header\"><h2 class=\"eael-entry-title\"><a class=\"eael-grid-post-link\" href=\"https:\/\/hospitalpediatrico.org\/oficial\/capacitacion-para-fortalecer-respuestas-medicas-en-sinaloa\/\" title=\"Capacitaci\u00f3n para fortalecer respuestas m\u00e9dicas en Sinaloa\u200b\">Capacitaci\u00f3n para fortalecer respuestas m\u00e9dicas en Sinaloa\u200b<\/a><\/h2><\/header><div class=\"eael-entry-content\">\n                        <div class=\"eael-grid-post-excerpt\"><p>Capacitaci\u00f3n para fortalecer respuestas m\u00e9dicas\u00a0en\u00a0Sinaloa Con el prop\u00f3sito de reforzar los conocimientos del personal m\u00e9dico y mejorar la atenci\u00f3n ante...<\/p><a href=\"https:\/\/hospitalpediatrico.org\/oficial\/capacitacion-para-fortalecer-respuestas-medicas-en-sinaloa\/\" class=\"eael-post-elements-readmore-btn\">Leer m\u00e1s<\/a><\/div>\n                    <\/div><div class=\"eael-entry-footer\"><div class=\"eael-entry-meta\"><\/div><\/div><\/div><\/div>\n        <\/div>\n    <\/article><article class=\"eael-grid-post  eael-post-grid-column eael-pg-post-6813 category-noticias\" data-id=\"6813\">\n        <div class=\"eael-grid-post-holder\">\n            <div class=\"eael-grid-post-holder-inner\"><div class=\"eael-entry-media\"><div class=\"eael-entry-overlay fade-in\"><i class=\"fas fa-long-arrow-alt-right\" aria-hidden=\"true\"><\/i><a href=\"https:\/\/hospitalpediatrico.org\/oficial\/carrera-de-la-salud\/\"><\/a><\/div><div class=\"eael-entry-thumbnail \">\n                <img loading=\"lazy\" decoding=\"async\" width=\"300\" height=\"168\" src=\"https:\/\/hospitalpediatrico.org\/oficial\/wp-content\/uploads\/2025\/11\/Imagen-de-WhatsApp-2025-11-06-a-las-12.09.04_567e67aa.jpg\" class=\"attachment-medium size-medium wp-image-6816\" alt=\"\" \/>\n            <\/div>\n        <\/div><div class=\"eael-entry-wrapper\"><header class=\"eael-entry-header\"><h2 class=\"eael-entry-title\"><a class=\"eael-grid-post-link\" href=\"https:\/\/hospitalpediatrico.org\/oficial\/carrera-de-la-salud\/\" title=\"Carrera de la salud\">Carrera de la salud<\/a><\/h2><\/header><div class=\"eael-entry-content\">\n                        <div class=\"eael-grid-post-excerpt\"><p>Carrera de la Salud El Secretario de Salud del Estado, Dr. Cuitl\u00e1huac Gonz\u00e1lez Galindo encabez\u00f3 la carrera de la l...<\/p><a href=\"https:\/\/hospitalpediatrico.org\/oficial\/carrera-de-la-salud\/\" class=\"eael-post-elements-readmore-btn\">Leer m\u00e1s<\/a><\/div>\n                    <\/div><div class=\"eael-entry-footer\"><div class=\"eael-entry-meta\"><\/div><\/div><\/div><\/div>\n        <\/div>\n    <\/article><article class=\"eael-grid-post  eael-post-grid-column eael-pg-post-6782 category-noticias\" data-id=\"6782\">\n        <div class=\"eael-grid-post-holder\">\n            <div class=\"eael-grid-post-holder-inner\"><div class=\"eael-entry-media\"><div class=\"eael-entry-overlay fade-in\"><i class=\"fas fa-long-arrow-alt-right\" aria-hidden=\"true\"><\/i><a href=\"https:\/\/hospitalpediatrico.org\/oficial\/el-hospital-pediatrico-imss-bienestar-de-sinaloa\/\"><\/a><\/div><div class=\"eael-entry-thumbnail \">\n                <img loading=\"lazy\" decoding=\"async\" width=\"300\" height=\"184\" src=\"https:\/\/hospitalpediatrico.org\/oficial\/wp-content\/uploads\/2025\/09\/Imagen-de-WhatsApp-2025-09-19-a-las-12.26.01_b7314666.jpg\" class=\"attachment-medium size-medium wp-image-6784\" alt=\"\" \/>\n            <\/div>\n        <\/div><div class=\"eael-entry-wrapper\"><header class=\"eael-entry-header\"><h2 class=\"eael-entry-title\"><a class=\"eael-grid-post-link\" href=\"https:\/\/hospitalpediatrico.org\/oficial\/el-hospital-pediatrico-imss-bienestar-de-sinaloa\/\" title=\"El Hospital Pediatrico IMSS bienestar de Sinaloa\">El Hospital Pediatrico IMSS bienestar de Sinaloa<\/a><\/h2><\/header><div class=\"eael-entry-content\">\n                        <div class=\"eael-grid-post-excerpt\"><p>El Hospital Pediatrico IMSS bienestar de Sinaloa Hoy D\u00eda Nacional de Protecci\u00f3n Civil, en conmemoraci\u00f3n de los sismos de 1985...<\/p><a href=\"https:\/\/hospitalpediatrico.org\/oficial\/el-hospital-pediatrico-imss-bienestar-de-sinaloa\/\" class=\"eael-post-elements-readmore-btn\">Leer m\u00e1s<\/a><\/div>\n                    <\/div><div class=\"eael-entry-footer\"><div class=\"eael-entry-meta\"><\/div><\/div><\/div><\/div>\n        <\/div>\n    <\/article><article class=\"eael-grid-post  eael-post-grid-column eael-pg-post-6764 category-noticias\" data-id=\"6764\">\n        <div class=\"eael-grid-post-holder\">\n            <div class=\"eael-grid-post-holder-inner\"><div class=\"eael-entry-media\"><div class=\"eael-entry-overlay fade-in\"><i class=\"fas fa-long-arrow-alt-right\" aria-hidden=\"true\"><\/i><a href=\"https:\/\/hospitalpediatrico.org\/oficial\/festejo-45-aniversario-del-hospital-pediatrico-de-sinaloa\/\"><\/a><\/div><div class=\"eael-entry-thumbnail \">\n                <img loading=\"lazy\" decoding=\"async\" width=\"300\" height=\"215\" src=\"https:\/\/hospitalpediatrico.org\/oficial\/wp-content\/uploads\/2025\/09\/Imagen-de-WhatsApp-2025-09-15-a-las-13.02.06_4bff7497.jpg\" class=\"attachment-medium size-medium wp-image-6767\" alt=\"\" \/>\n            <\/div>\n        <\/div><div class=\"eael-entry-wrapper\"><header class=\"eael-entry-header\"><h2 class=\"eael-entry-title\"><a class=\"eael-grid-post-link\" href=\"https:\/\/hospitalpediatrico.org\/oficial\/festejo-45-aniversario-del-hospital-pediatrico-de-sinaloa\/\" title=\"FESTEJO 45 ANIVERSARIO DEL HOSPITAL PEDI\u00c1TRICO\u00a0DE\u00a0SINALOA\">FESTEJO 45 ANIVERSARIO DEL HOSPITAL PEDI\u00c1TRICO\u00a0DE\u00a0SINALOA<\/a><\/h2><\/header><div class=\"eael-entry-content\">\n                        <div class=\"eael-grid-post-excerpt\"><p>FESTEJO 45 ANIVERSARIO DEL HOSPITAL PEDI\u00c1TRICO\u00a0DE\u00a0SINALOA 45 A\u00f1os brindando servicios de salud a la ni\u00f1ez sinaloense. A lo largo de...<\/p><a href=\"https:\/\/hospitalpediatrico.org\/oficial\/festejo-45-aniversario-del-hospital-pediatrico-de-sinaloa\/\" class=\"eael-post-elements-readmore-btn\">Leer m\u00e1s<\/a><\/div>\n                    <\/div><div class=\"eael-entry-footer\"><div class=\"eael-entry-meta\"><\/div><\/div><\/div><\/div>\n        <\/div>\n    <\/article><\/div>\n            <div class=\"clearfix\"><\/div>\n        <\/div>            <div class=\"eael-load-more-button-wrap\">\n                <button class=\"eael-load-more-button\" id=\"eael-load-more-btn-1cdbe78\" data-widget-id=\"1cdbe78\" data-widget=\"1cdbe78\" data-page-id=\"1799\" data-template=\"{&quot;dir&quot;:&quot;lite&quot;,&quot;file_name&quot;:&quot;one.php&quot;,&quot;name&quot;:&quot;Post-Grid&quot;}\" data-class=\"Essential_Addons_Elementor\\Elements\\Post_Grid\" data-layout=\"masonry\" data-page=\"1\" data-args=\"orderby=date&amp;order=desc&amp;ignore_sticky_posts=1&amp;post_status=publish&amp;posts_per_page=8&amp;offset=0&amp;post_type=post&amp;tax_query%5B0%5D%5Btaxonomy%5D=category&amp;tax_query%5B0%5D%5Bfield%5D=term_id&amp;tax_query%5B0%5D%5Bterms%5D%5B0%5D=23&amp;tax_query%5Brelation%5D=AND\" data-max-page=\"17\">\n                    <span class=\"eael-btn-loader button__loader\"><\/span>\n                    <span class=\"eael_load_more_text\">Cargar m\u00e1s<\/span>\n                <\/button>\n            <\/div>\n            \t\t\t\t<\/div>\n\t\t\t\t<\/div>\n\t\t\t\t\t<\/div>\n\t\t<\/div>\n\t\t\t\t\t<\/div>\n\t\t<\/section>\n\t\t\t\t<\/div>\n\t\t","protected":false},"excerpt":{"rendered":"<p>Noticias HPS Eventos de interes para nuestros pacientes Noticias HPS Simposium de Oncolog\u00eda Pedi\u00e1trica Simposium de Oncolog\u00eda Pedi\u00e1trica En el caso de ni\u00f1ez y adolescencia que est\u00e1n recibiendo tratamiento por c\u00e1ncer, los enfermeros realizan&#8230; Leer m\u00e1s Alumnos de enfermer\u00eda concluyen su servicio social Alumnos de enfermer\u00eda concluyen su servicio social Un total de 19 alumnos [&hellip;]<\/p>\n","protected":false},"author":1,"featured_media":0,"parent":0,"menu_order":0,"comment_status":"closed","ping_status":"closed","template":"","meta":{"footnotes":""},"class_list":["post-1799","page","type-page","status-publish","hentry"],"_links":{"self":[{"href":"https:\/\/hospitalpediatrico.org\/oficial\/wp-json\/wp\/v2\/pages\/1799","targetHints":{"allow":["GET"]}}],"collection":[{"href":"https:\/\/hospitalpediatrico.org\/oficial\/wp-json\/wp\/v2\/pages"}],"about":[{"href":"https:\/\/hospitalpediatrico.org\/oficial\/wp-json\/wp\/v2\/types\/page"}],"author":[{"embeddable":true,"href":"https:\/\/hospitalpediatrico.org\/oficial\/wp-json\/wp\/v2\/users\/1"}],"replies":[{"embeddable":true,"href":"https:\/\/hospitalpediatrico.org\/oficial\/wp-json\/wp\/v2\/comments?post=1799"}],"version-history":[{"count":76,"href":"https:\/\/hospitalpediatrico.org\/oficial\/wp-json\/wp\/v2\/pages\/1799\/revisions"}],"predecessor-version":[{"id":4803,"href":"https:\/\/hospitalpediatrico.org\/oficial\/wp-json\/wp\/v2\/pages\/1799\/revisions\/4803"}],"wp:attachment":[{"href":"https:\/\/hospitalpediatrico.org\/oficial\/wp-json\/wp\/v2\/media?parent=1799"}],"curies":[{"name":"wp","href":"https:\/\/api.w.org\/{rel}","templated":true}]}}