{"id":1684,"date":"2022-09-08T15:30:21","date_gmt":"2022-09-08T15:30:21","guid":{"rendered":"https:\/\/hospitalpediatrico.org\/oficial\/?page_id=1684"},"modified":"2023-08-09T01:22:50","modified_gmt":"2023-08-09T01:22:50","slug":"perfil-de-egreso-en-pediatria","status":"publish","type":"page","link":"https:\/\/hospitalpediatrico.org\/oficial\/perfil-de-egreso-en-pediatria\/","title":{"rendered":"Perfil de egreso en pediatr\u00eda"},"content":{"rendered":"\t\t<div data-elementor-type=\"wp-page\" data-elementor-id=\"1684\" class=\"elementor elementor-1684\">\n\t\t\t\t\t\t<section class=\"elementor-section elementor-top-section elementor-element elementor-element-18016906 elementor-section-height-min-height elementor-section-boxed elementor-section-height-default elementor-section-items-middle\" data-id=\"18016906\" data-element_type=\"section\" data-e-type=\"section\" data-settings=\"{&quot;background_background&quot;:&quot;classic&quot;,&quot;shape_divider_bottom&quot;:&quot;curve&quot;,&quot;shape_divider_bottom_negative&quot;:&quot;yes&quot;}\">\n\t\t\t\t\t\t\t<div class=\"elementor-background-overlay\"><\/div>\n\t\t\t\t\t\t<div class=\"elementor-shape elementor-shape-bottom\" aria-hidden=\"true\" data-negative=\"true\">\n\t\t\t<svg xmlns=\"http:\/\/www.w3.org\/2000\/svg\" viewBox=\"0 0 1000 100\" preserveAspectRatio=\"none\">\n\t<path class=\"elementor-shape-fill\" d=\"M500,97C126.7,96.3,0.8,19.8,0,0v100l1000,0V1C1000,19.4,873.3,97.8,500,97z\"\/>\n<\/svg>\t\t<\/div>\n\t\t\t\t\t<div class=\"elementor-container elementor-column-gap-default\">\n\t\t\t\t\t<div class=\"elementor-column elementor-col-100 elementor-top-column elementor-element elementor-element-4dbb973d\" data-id=\"4dbb973d\" data-element_type=\"column\" data-e-type=\"column\">\n\t\t\t<div class=\"elementor-widget-wrap elementor-element-populated\">\n\t\t\t\t\t\t<section class=\"elementor-section elementor-inner-section elementor-element elementor-element-5839c7d8 elementor-section-full_width elementor-section-height-default elementor-section-height-default\" data-id=\"5839c7d8\" data-element_type=\"section\" data-e-type=\"section\">\n\t\t\t\t\t\t<div class=\"elementor-container elementor-column-gap-default\">\n\t\t\t\t\t<div class=\"elementor-column elementor-col-100 elementor-inner-column elementor-element elementor-element-2c216673\" data-id=\"2c216673\" data-element_type=\"column\" data-e-type=\"column\">\n\t\t\t<div class=\"elementor-widget-wrap elementor-element-populated\">\n\t\t\t\t\t\t<div class=\"elementor-element elementor-element-741f1b31 elementor-widget elementor-widget-heading\" data-id=\"741f1b31\" data-element_type=\"widget\" data-e-type=\"widget\" data-widget_type=\"heading.default\">\n\t\t\t\t<div class=\"elementor-widget-container\">\n\t\t\t\t\t<h2 class=\"elementor-heading-title elementor-size-default\">Perfil de egreso<\/h2>\t\t\t\t<\/div>\n\t\t\t\t<\/div>\n\t\t\t\t\t<\/div>\n\t\t<\/div>\n\t\t\t\t\t<\/div>\n\t\t<\/section>\n\t\t\t\t\t<\/div>\n\t\t<\/div>\n\t\t\t\t\t<\/div>\n\t\t<\/section>\n\t\t\t\t<section class=\"elementor-section elementor-top-section elementor-element elementor-element-6edd6086 elementor-section-boxed elementor-section-height-default elementor-section-height-default\" data-id=\"6edd6086\" data-element_type=\"section\" data-e-type=\"section\" data-settings=\"{&quot;background_background&quot;:&quot;classic&quot;}\">\n\t\t\t\t\t\t\t<div class=\"elementor-background-overlay\"><\/div>\n\t\t\t\t\t\t\t<div class=\"elementor-container elementor-column-gap-default\">\n\t\t\t\t\t<div class=\"elementor-column elementor-col-50 elementor-top-column elementor-element elementor-element-223c3a1f\" data-id=\"223c3a1f\" data-element_type=\"column\" data-e-type=\"column\">\n\t\t\t<div class=\"elementor-widget-wrap elementor-element-populated\">\n\t\t\t\t\t\t<div class=\"elementor-element elementor-element-dc9bb5e elementor-widget elementor-widget-heading\" data-id=\"dc9bb5e\" data-element_type=\"widget\" data-e-type=\"widget\" data-widget_type=\"heading.default\">\n\t\t\t\t<div class=\"elementor-widget-container\">\n\t\t\t\t\t<h2 class=\"elementor-heading-title elementor-size-default\">Conocimientos<\/h2>\t\t\t\t<\/div>\n\t\t\t\t<\/div>\n\t\t\t\t<div class=\"elementor-element elementor-element-31ada16 elementor-widget-divider--view-line elementor-widget elementor-widget-divider\" data-id=\"31ada16\" data-element_type=\"widget\" data-e-type=\"widget\" data-widget_type=\"divider.default\">\n\t\t\t\t<div class=\"elementor-widget-container\">\n\t\t\t\t\t\t\t<div class=\"elementor-divider\">\n\t\t\t<span class=\"elementor-divider-separator\">\n\t\t\t\t\t\t<\/span>\n\t\t<\/div>\n\t\t\t\t\t\t<\/div>\n\t\t\t\t<\/div>\n\t\t\t\t<div class=\"elementor-element elementor-element-24883ae0 elementor-widget elementor-widget-text-editor\" data-id=\"24883ae0\" data-element_type=\"widget\" data-e-type=\"widget\" data-widget_type=\"text-editor.default\">\n\t\t\t\t<div class=\"elementor-widget-container\">\n\t\t\t\t\t\t\t\t\t<p>Uno de los marcos de referencia que sustenta la presente propuesta para la formaci\u00f3n de especialistas m\u00e9dicos est\u00e1 constituido por el perfil del egresado de los cursos universitarios. El perfil del egresado de la especialidad en Pediatr\u00eda M\u00e9dica, se construye a partir de la problem\u00e1tica a la que se enfrentara el especialista, sus funciones y escenarios donde se desempe\u00f1ara como tal, as\u00ed como las competencias que debe de dominar en base al dise\u00f1o del plan de estudios y los requisitos obligatorios por parte de la Universidad Aut\u00f3noma de Sinaloa.<\/p><p>En su formulaci\u00f3n, com\u00fan a todos los especialistas, se precisan las competencias profesionales y los atributos personales deseables que habr\u00e1 de mostrar el egresado para contribuir a satisfacer determinadas necesidades relacionadas con la superaci\u00f3n personal del m\u00e9dico e incidir en la calidad de la atenci\u00f3n que presta.<\/p><p>El perfil comprende tres vertientes de logros educativos que se esperan como efectos del proceso de educaci\u00f3n formal, esto es: la orientaci\u00f3n profesional-humanista (el ser), la formaci\u00f3n intelectual (el saber) y el desempe\u00f1o operativo del especialista m\u00e9dico (el saber hacer).<\/p><p>El egresado ser\u00e1 capaz de aplicar correctamente las t\u00e9cnicas de prevenci\u00f3n, diagn\u00f3stico, tratamiento y rehabilitaci\u00f3n de los estados fisiol\u00f3gicos y patol\u00f3gicos relacionados con el \u00e1rea pediatr\u00eda, teniendo trascendencia social, \u00e9tica profesional competente a nivel nacional e internacional.<\/p>\t\t\t\t\t\t\t\t<\/div>\n\t\t\t\t<\/div>\n\t\t\t\t\t<\/div>\n\t\t<\/div>\n\t\t\t\t<div class=\"elementor-column elementor-col-50 elementor-top-column elementor-element elementor-element-e088a52\" data-id=\"e088a52\" data-element_type=\"column\" data-e-type=\"column\" data-settings=\"{&quot;background_background&quot;:&quot;classic&quot;}\">\n\t\t\t<div class=\"elementor-widget-wrap elementor-element-populated\">\n\t\t\t\t\t<div class=\"elementor-background-overlay\"><\/div>\n\t\t\t\t\t\t<div class=\"elementor-element elementor-element-abf59cc elementor-widget elementor-widget-heading\" data-id=\"abf59cc\" data-element_type=\"widget\" data-e-type=\"widget\" data-widget_type=\"heading.default\">\n\t\t\t\t<div class=\"elementor-widget-container\">\n\t\t\t\t\t<h2 class=\"elementor-heading-title elementor-size-default\">Menu Pediatr\u00eda<\/h2>\t\t\t\t<\/div>\n\t\t\t\t<\/div>\n\t\t\t\t<div class=\"elementor-element elementor-element-6170b7c elementor-widget-divider--view-line elementor-widget elementor-widget-divider\" data-id=\"6170b7c\" data-element_type=\"widget\" data-e-type=\"widget\" data-widget_type=\"divider.default\">\n\t\t\t\t<div class=\"elementor-widget-container\">\n\t\t\t\t\t\t\t<div class=\"elementor-divider\">\n\t\t\t<span class=\"elementor-divider-separator\">\n\t\t\t\t\t\t<\/span>\n\t\t<\/div>\n\t\t\t\t\t\t<\/div>\n\t\t\t\t<\/div>\n\t\t\t\t<div class=\"elementor-element elementor-element-fd419db hfe-nav-menu__align-left hfe-submenu-icon-arrow hfe-link-redirect-child hfe-nav-menu__breakpoint-tablet elementor-widget elementor-widget-navigation-menu\" data-id=\"fd419db\" data-element_type=\"widget\" data-e-type=\"widget\" data-settings=\"{&quot;menu_space_between&quot;:{&quot;unit&quot;:&quot;px&quot;,&quot;size&quot;:0,&quot;sizes&quot;:[]},&quot;padding_horizontal_menu_item&quot;:{&quot;unit&quot;:&quot;px&quot;,&quot;size&quot;:0,&quot;sizes&quot;:[]},&quot;padding_vertical_menu_item&quot;:{&quot;unit&quot;:&quot;px&quot;,&quot;size&quot;:8,&quot;sizes&quot;:[]},&quot;padding_horizontal_menu_item_tablet&quot;:{&quot;unit&quot;:&quot;px&quot;,&quot;size&quot;:&quot;&quot;,&quot;sizes&quot;:[]},&quot;padding_horizontal_menu_item_mobile&quot;:{&quot;unit&quot;:&quot;px&quot;,&quot;size&quot;:&quot;&quot;,&quot;sizes&quot;:[]},&quot;padding_vertical_menu_item_tablet&quot;:{&quot;unit&quot;:&quot;px&quot;,&quot;size&quot;:&quot;&quot;,&quot;sizes&quot;:[]},&quot;padding_vertical_menu_item_mobile&quot;:{&quot;unit&quot;:&quot;px&quot;,&quot;size&quot;:&quot;&quot;,&quot;sizes&quot;:[]},&quot;menu_space_between_tablet&quot;:{&quot;unit&quot;:&quot;px&quot;,&quot;size&quot;:&quot;&quot;,&quot;sizes&quot;:[]},&quot;menu_space_between_mobile&quot;:{&quot;unit&quot;:&quot;px&quot;,&quot;size&quot;:&quot;&quot;,&quot;sizes&quot;:[]},&quot;dropdown_border_radius&quot;:{&quot;unit&quot;:&quot;px&quot;,&quot;top&quot;:&quot;&quot;,&quot;right&quot;:&quot;&quot;,&quot;bottom&quot;:&quot;&quot;,&quot;left&quot;:&quot;&quot;,&quot;isLinked&quot;:true},&quot;dropdown_border_radius_tablet&quot;:{&quot;unit&quot;:&quot;px&quot;,&quot;top&quot;:&quot;&quot;,&quot;right&quot;:&quot;&quot;,&quot;bottom&quot;:&quot;&quot;,&quot;left&quot;:&quot;&quot;,&quot;isLinked&quot;:true},&quot;dropdown_border_radius_mobile&quot;:{&quot;unit&quot;:&quot;px&quot;,&quot;top&quot;:&quot;&quot;,&quot;right&quot;:&quot;&quot;,&quot;bottom&quot;:&quot;&quot;,&quot;left&quot;:&quot;&quot;,&quot;isLinked&quot;:true},&quot;padding_horizontal_dropdown_item&quot;:{&quot;unit&quot;:&quot;px&quot;,&quot;size&quot;:&quot;&quot;,&quot;sizes&quot;:[]},&quot;padding_horizontal_dropdown_item_tablet&quot;:{&quot;unit&quot;:&quot;px&quot;,&quot;size&quot;:&quot;&quot;,&quot;sizes&quot;:[]},&quot;padding_horizontal_dropdown_item_mobile&quot;:{&quot;unit&quot;:&quot;px&quot;,&quot;size&quot;:&quot;&quot;,&quot;sizes&quot;:[]},&quot;padding_vertical_dropdown_item&quot;:{&quot;unit&quot;:&quot;px&quot;,&quot;size&quot;:15,&quot;sizes&quot;:[]},&quot;padding_vertical_dropdown_item_tablet&quot;:{&quot;unit&quot;:&quot;px&quot;,&quot;size&quot;:&quot;&quot;,&quot;sizes&quot;:[]},&quot;padding_vertical_dropdown_item_mobile&quot;:{&quot;unit&quot;:&quot;px&quot;,&quot;size&quot;:&quot;&quot;,&quot;sizes&quot;:[]},&quot;distance_from_menu&quot;:{&quot;unit&quot;:&quot;px&quot;,&quot;size&quot;:&quot;&quot;,&quot;sizes&quot;:[]},&quot;distance_from_menu_tablet&quot;:{&quot;unit&quot;:&quot;px&quot;,&quot;size&quot;:&quot;&quot;,&quot;sizes&quot;:[]},&quot;distance_from_menu_mobile&quot;:{&quot;unit&quot;:&quot;px&quot;,&quot;size&quot;:&quot;&quot;,&quot;sizes&quot;:[]},&quot;toggle_size&quot;:{&quot;unit&quot;:&quot;px&quot;,&quot;size&quot;:&quot;&quot;,&quot;sizes&quot;:[]},&quot;toggle_size_tablet&quot;:{&quot;unit&quot;:&quot;px&quot;,&quot;size&quot;:&quot;&quot;,&quot;sizes&quot;:[]},&quot;toggle_size_mobile&quot;:{&quot;unit&quot;:&quot;px&quot;,&quot;size&quot;:&quot;&quot;,&quot;sizes&quot;:[]},&quot;toggle_border_width&quot;:{&quot;unit&quot;:&quot;px&quot;,&quot;size&quot;:&quot;&quot;,&quot;sizes&quot;:[]},&quot;toggle_border_width_tablet&quot;:{&quot;unit&quot;:&quot;px&quot;,&quot;size&quot;:&quot;&quot;,&quot;sizes&quot;:[]},&quot;toggle_border_width_mobile&quot;:{&quot;unit&quot;:&quot;px&quot;,&quot;size&quot;:&quot;&quot;,&quot;sizes&quot;:[]},&quot;toggle_border_radius&quot;:{&quot;unit&quot;:&quot;px&quot;,&quot;size&quot;:&quot;&quot;,&quot;sizes&quot;:[]},&quot;toggle_border_radius_tablet&quot;:{&quot;unit&quot;:&quot;px&quot;,&quot;size&quot;:&quot;&quot;,&quot;sizes&quot;:[]},&quot;toggle_border_radius_mobile&quot;:{&quot;unit&quot;:&quot;px&quot;,&quot;size&quot;:&quot;&quot;,&quot;sizes&quot;:[]}}\" data-widget_type=\"navigation-menu.default\">\n\t\t\t\t<div class=\"elementor-widget-container\">\n\t\t\t\t\t\t\t\t<div class=\"hfe-nav-menu hfe-layout-vertical hfe-nav-menu-layout vertical\" data-layout=\"vertical\">\n\t\t\t\t<div role=\"button\" class=\"hfe-nav-menu__toggle elementor-clickable\" tabindex=\"0\" aria-label=\"Menu Toggle\">\n\t\t\t\t\t<span class=\"screen-reader-text\">Men\u00fa<\/span>\n\t\t\t\t\t<div class=\"hfe-nav-menu-icon\">\n\t\t\t\t\t\t<i aria-hidden=\"true\"  class=\"fas fa-align-justify\"><\/i>\t\t\t\t\t<\/div>\n\t\t\t\t<\/div>\n\t\t\t\t<nav class=\"hfe-nav-menu__layout-vertical hfe-nav-menu__submenu-arrow\" data-toggle-icon=\"&lt;i aria-hidden=&quot;true&quot; tabindex=&quot;0&quot; class=&quot;fas fa-align-justify&quot;&gt;&lt;\/i&gt;\" data-close-icon=\"&lt;i aria-hidden=&quot;true&quot; tabindex=&quot;0&quot; class=&quot;far fa-window-close&quot;&gt;&lt;\/i&gt;\" data-full-width=\"yes\">\n\t\t\t\t\t<ul id=\"menu-1-fd419db\" class=\"hfe-nav-menu\"><li id=\"menu-item-1572\" class=\"menu-item menu-item-type-post_type menu-item-object-post parent hfe-creative-menu\"><a href=\"https:\/\/hospitalpediatrico.org\/oficial\/antecedentes-historicos\/\" class = \"hfe-menu-item\">Antecedentes Hist\u00f3ricos<\/a><\/li>\n<li id=\"menu-item-1589\" class=\"menu-item menu-item-type-post_type menu-item-object-post parent hfe-creative-menu\"><a href=\"https:\/\/hospitalpediatrico.org\/oficial\/perfil-de-ingreso-en-pediatria\/\" class = \"hfe-menu-item\">Perfil de Ingreso<\/a><\/li>\n<li id=\"menu-item-1686\" class=\"menu-item menu-item-type-post_type menu-item-object-page parent hfe-creative-menu\"><a href=\"https:\/\/hospitalpediatrico.org\/oficial\/perfil-de-egreso-en-pediatria\/\" class = \"hfe-menu-item\">Perfil de Egreso<\/a><\/li>\n<li id=\"menu-item-1703\" class=\"menu-item menu-item-type-post_type menu-item-object-post parent hfe-creative-menu\"><a href=\"https:\/\/hospitalpediatrico.org\/oficial\/objetivo-general-y-especificos\/\" class = \"hfe-menu-item\">Objetivo General y Espec\u00edficos<\/a><\/li>\n<li id=\"menu-item-1761\" class=\"menu-item menu-item-type-post_type menu-item-object-post parent hfe-creative-menu\"><a href=\"https:\/\/hospitalpediatrico.org\/oficial\/estructura-del-plan-de-estudios\/\" class = \"hfe-menu-item\">Plan de Estudios<\/a><\/li>\n<li id=\"menu-item-2037\" class=\"menu-item menu-item-type-post_type menu-item-object-page parent hfe-creative-menu\"><a href=\"https:\/\/hospitalpediatrico.org\/oficial\/mision-y-vision-pediatria\/\" class = \"hfe-menu-item\">Misi\u00f3n y Visi\u00f3n<\/a><\/li>\n<li id=\"menu-item-2071\" class=\"menu-item menu-item-type-post_type menu-item-object-post parent hfe-creative-menu\"><a href=\"https:\/\/hospitalpediatrico.org\/oficial\/linea-de-generacion-y-aplicacion-del-conocimiento\/\" class = \"hfe-menu-item\">L\u00edneas de Generaci\u00f3n de Conocimiento<\/a><\/li>\n<li id=\"menu-item-2135\" class=\"menu-item menu-item-type-post_type menu-item-object-page parent hfe-creative-menu\"><a href=\"https:\/\/hospitalpediatrico.org\/oficial\/productividad-academica-pediatria\/\" class = \"hfe-menu-item\">Productividad Acad\u00e9mica<\/a><\/li>\n<li id=\"menu-item-2138\" class=\"menu-item menu-item-type-post_type menu-item-object-post parent hfe-creative-menu\"><a href=\"https:\/\/hospitalpediatrico.org\/oficial\/diagnostico-situacional\/\" class = \"hfe-menu-item\">Diagn\u00f3stico Situacional<\/a><\/li>\n<\/ul> \n\t\t\t\t<\/nav>\n\t\t\t<\/div>\n\t\t\t\t\t\t\t<\/div>\n\t\t\t\t<\/div>\n\t\t\t\t<div class=\"elementor-element elementor-element-24e7a95 elementor-widget elementor-widget-image\" data-id=\"24e7a95\" data-element_type=\"widget\" data-e-type=\"widget\" data-widget_type=\"image.default\">\n\t\t\t\t<div class=\"elementor-widget-container\">\n\t\t\t\t\t\t\t\t\t\t\t\t\t\t\t<img decoding=\"async\" src=\"https:\/\/hospitalpediatrico.org\/oficial\/wp-content\/uploads\/elementor\/thumbs\/sala-de-espera-2-qal3vepcprtjgncx6z8p8uu63fnidtl2yucvqs1woo.jpeg\" title=\"sala-de-espera-2\" alt=\"sala-de-espera-2\" loading=\"lazy\" \/>\t\t\t\t\t\t\t\t\t\t\t\t\t\t\t<\/div>\n\t\t\t\t<\/div>\n\t\t\t\t\t<\/div>\n\t\t<\/div>\n\t\t\t\t\t<\/div>\n\t\t<\/section>\n\t\t\t\t<section class=\"elementor-section elementor-top-section elementor-element elementor-element-398c2397 elementor-section-boxed elementor-section-height-default elementor-section-height-default\" data-id=\"398c2397\" data-element_type=\"section\" data-e-type=\"section\">\n\t\t\t\t\t\t<div class=\"elementor-container elementor-column-gap-default\">\n\t\t\t\t\t<div class=\"elementor-column elementor-col-100 elementor-top-column elementor-element elementor-element-2d47095\" data-id=\"2d47095\" data-element_type=\"column\" data-e-type=\"column\">\n\t\t\t<div class=\"elementor-widget-wrap elementor-element-populated\">\n\t\t\t\t\t\t<div class=\"elementor-element elementor-element-e1bc1d1 elementor-widget elementor-widget-text-editor\" data-id=\"e1bc1d1\" data-element_type=\"widget\" data-e-type=\"widget\" data-widget_type=\"text-editor.default\">\n\t\t\t\t<div class=\"elementor-widget-container\">\n\t\t\t\t\t\t\t\t\t<p><strong>De acuerdo a nuestro modelo educativo, el perfil se expresa en las competencias gen\u00e9ricas y espec\u00edficas que nuestros egresados<\/strong> dominan<strong> al egresar del programa:<\/strong><\/p>\t\t\t\t\t\t\t\t<\/div>\n\t\t\t\t<\/div>\n\t\t\t\t<div class=\"elementor-element elementor-element-33d0909 elementor-widget elementor-widget-heading\" data-id=\"33d0909\" data-element_type=\"widget\" data-e-type=\"widget\" data-widget_type=\"heading.default\">\n\t\t\t\t<div class=\"elementor-widget-container\">\n\t\t\t\t\t<h2 class=\"elementor-heading-title elementor-size-default\">Competencias espec\u00edficas:<\/h2>\t\t\t\t<\/div>\n\t\t\t\t<\/div>\n\t\t\t\t<div class=\"elementor-element elementor-element-746d007 elementor-widget elementor-widget-text-editor\" data-id=\"746d007\" data-element_type=\"widget\" data-e-type=\"widget\" data-widget_type=\"text-editor.default\">\n\t\t\t\t<div class=\"elementor-widget-container\">\n\t\t\t\t\t\t\t\t\t<ul><li>Diagnostica el estado de salud del ni\u00f1o en las diferentes etapas, para mantener o restablecer su salud,\u00a0 con base en normas y principios de la profesi\u00f3n, y utilizando los procedimientos cl\u00ednicos y tecnol\u00f3gicos que correspondan.<\/li><li>Realiza el control del ni\u00f1o en buen estado de salud, utilizando los procedimientos cl\u00ednicos actualizados.<\/li><li>Realiza tratamientos para restablecer la salud del ni\u00f1o en sus diferentes etapas, aplicando\u00a0 normas y reglamentos de la profesi\u00f3n.<\/li><li>Implementa acciones de promoci\u00f3n y prevenci\u00f3n de salud pedi\u00e1trica, atendiendo a principios de la profesi\u00f3n y criterios de educaci\u00f3n social.<\/li><\/ul>\t\t\t\t\t\t\t\t<\/div>\n\t\t\t\t<\/div>\n\t\t\t\t<div class=\"elementor-element elementor-element-56c3fbd elementor-widget elementor-widget-heading\" data-id=\"56c3fbd\" data-element_type=\"widget\" data-e-type=\"widget\" data-widget_type=\"heading.default\">\n\t\t\t\t<div class=\"elementor-widget-container\">\n\t\t\t\t\t<h2 class=\"elementor-heading-title elementor-size-default\">Competencias gen\u00e9ricas:<\/h2>\t\t\t\t<\/div>\n\t\t\t\t<\/div>\n\t\t\t\t<div class=\"elementor-element elementor-element-40d02bf elementor-widget elementor-widget-text-editor\" data-id=\"40d02bf\" data-element_type=\"widget\" data-e-type=\"widget\" data-widget_type=\"text-editor.default\">\n\t\t\t\t<div class=\"elementor-widget-container\">\n\t\t\t\t\t\t\t\t\t<ul><li><p>Act\u00faa con \u00e9tica para favorecer la salud humana, aplicando las normas y disposiciones legales en el \u00e1mbito de la salud.<\/p><\/li><li><p>Desarrolla investigaci\u00f3n aplicada para favorecer el estado de intervenci\u00f3n sobre los problemas del ni\u00f1o, con base en el m\u00e9todo cient\u00edfico y la bio\u00e9tica.<\/p><\/li><li><p>Publica resultados de sus trabajos de investigaci\u00f3n para favorecer la difusi\u00f3n de conocimiento de acuerdo a est\u00e1ndares internacionales.<\/p><\/li><li><p>Colabora en equipos multi e interdisciplinarios para coadyuvar en las acciones que favorezcan la salud de la poblaci\u00f3n infantil, con actitud de cambio y respeto a las diferentes perspectivas involucradas.<\/p><\/li><li><p>Planifica y programa actividades educativas en programas de la especialidad, incluyendo actividades de asesor\u00eda y tutor\u00eda, con dominio b\u00e1sico de competencias pedag\u00f3gicas.<\/p><\/li><\/ul><p><strong>A trav\u00e9s de una pr\u00e1ctica m\u00e9dica sustentada en una metodolog\u00eda educativa centrada en la soluci\u00f3n de problemas se propone lograr que el egresado sea un especialista altamente competente en su disciplina para:<\/strong><\/p><ul><li>Emplear con eficacia y eficiencia el conocimiento m\u00e9dico &#8211;\u00a0 cl\u00ednico, paracl\u00ednico, biom\u00e9dico, psicol\u00f3gico, sociom\u00e9dico, humanista- apropiado a las circunstancias individuales del paciente y condiciones de grupo que afronta en su pr\u00e1ctica profesional.<\/li><li>Aplicar con habilidad y juicio cr\u00edtico los procedimientos y recursos t\u00e9cnicos de prevenci\u00f3n, diagn\u00f3stico, tratamiento y rehabilitaci\u00f3n en la atenci\u00f3n de los pacientes.<\/li><li>Sustentar el ejercicio de su especialidad en los principios del humanismo, que considere la dignidad de la persona y su integridad biops\u00edquica en interacci\u00f3n constante con el entorno social.<\/li><li>Reconocer los l\u00edmites de su actuaci\u00f3n profesional que lo conduzcan a solicitar ayuda de las instancias correspondientes en la atenci\u00f3n de los pacientes en el momento oportuno.<\/li><li>Demostrar habilidades interpersonales y de comunicaci\u00f3n que resulten en un intercambio de informaci\u00f3n eficaz y en una adecuada relaci\u00f3n con los pacientes, sus familias y los integrantes del equipo de salud.<\/li><li>Seleccionar, analizar y valorar la literatura m\u00e9dica de su especialidad, aplic\u00e1ndola con pertinencia a su quehacer cotidiano con el fin de sustentar, profundizar y ampliar sus acciones profesionales.<\/li><li>Participar en el desarrollo de proyectos de investigaci\u00f3n m\u00e9dica orientados hacia la soluci\u00f3n de problemas significativos de su especialidad.<\/li><li>Colaborar productivamente en grupos de trabajo interdisciplinario del \u00e1mbito de la salud, procurando una visi\u00f3n integradora de su quehacer en relaci\u00f3n con el trabajo de los dem\u00e1s profesionales del \u00e1rea.<\/li><li>Participar en la educaci\u00f3n m\u00e9dica de sus pares y de las generaciones de profesionales que le suceden, as\u00ed como en actividades de promoci\u00f3n de la salud dirigidas a los pacientes y grupos sociales.<\/li><li>Interpretar el proceso de formaci\u00f3n profesional del m\u00e9dico como fen\u00f3meno humano y social, tomando en consideraci\u00f3n las condiciones institucionales en las que se realiza el ejercicio y la ense\u00f1anza de la Medicina.<\/li><li>Procurar su educaci\u00f3n permanente y superaci\u00f3n profesional para su continuo perfeccionamiento y el empleo \u00e9tico del conocimiento m\u00e9dico.<\/li><\/ul>\t\t\t\t\t\t\t\t<\/div>\n\t\t\t\t<\/div>\n\t\t\t\t\t<\/div>\n\t\t<\/div>\n\t\t\t\t\t<\/div>\n\t\t<\/section>\n\t\t\t\t<\/div>\n\t\t","protected":false},"excerpt":{"rendered":"<p>Perfil de egreso Conocimientos Uno de los marcos de referencia que sustenta la presente propuesta para la formaci\u00f3n de especialistas m\u00e9dicos est\u00e1 constituido por el perfil del egresado de los cursos universitarios. El perfil del egresado de la especialidad en Pediatr\u00eda M\u00e9dica, se construye a partir de la problem\u00e1tica a la que se enfrentara el [&hellip;]<\/p>\n","protected":false},"author":1,"featured_media":0,"parent":0,"menu_order":0,"comment_status":"closed","ping_status":"closed","template":"","meta":{"footnotes":""},"class_list":["post-1684","page","type-page","status-publish","hentry"],"_links":{"self":[{"href":"https:\/\/hospitalpediatrico.org\/oficial\/wp-json\/wp\/v2\/pages\/1684","targetHints":{"allow":["GET"]}}],"collection":[{"href":"https:\/\/hospitalpediatrico.org\/oficial\/wp-json\/wp\/v2\/pages"}],"about":[{"href":"https:\/\/hospitalpediatrico.org\/oficial\/wp-json\/wp\/v2\/types\/page"}],"author":[{"embeddable":true,"href":"https:\/\/hospitalpediatrico.org\/oficial\/wp-json\/wp\/v2\/users\/1"}],"replies":[{"embeddable":true,"href":"https:\/\/hospitalpediatrico.org\/oficial\/wp-json\/wp\/v2\/comments?post=1684"}],"version-history":[{"count":19,"href":"https:\/\/hospitalpediatrico.org\/oficial\/wp-json\/wp\/v2\/pages\/1684\/revisions"}],"predecessor-version":[{"id":4679,"href":"https:\/\/hospitalpediatrico.org\/oficial\/wp-json\/wp\/v2\/pages\/1684\/revisions\/4679"}],"wp:attachment":[{"href":"https:\/\/hospitalpediatrico.org\/oficial\/wp-json\/wp\/v2\/media?parent=1684"}],"curies":[{"name":"wp","href":"https:\/\/api.w.org\/{rel}","templated":true}]}}