{"id":150,"date":"2022-06-21T21:25:32","date_gmt":"2022-06-21T21:25:32","guid":{"rendered":"https:\/\/hospitalpediatrico.org\/oficial\/?page_id=150"},"modified":"2023-12-02T06:03:26","modified_gmt":"2023-12-02T06:03:26","slug":"nosotros","status":"publish","type":"page","link":"https:\/\/hospitalpediatrico.org\/oficial\/nosotros\/","title":{"rendered":"Nosotros"},"content":{"rendered":"\t\t<div data-elementor-type=\"wp-page\" data-elementor-id=\"150\" class=\"elementor elementor-150\">\n\t\t\t\t\t\t<section class=\"elementor-section elementor-top-section elementor-element elementor-element-68566e0e elementor-section-height-min-height elementor-section-boxed elementor-section-height-default elementor-section-items-middle\" data-id=\"68566e0e\" data-element_type=\"section\" data-e-type=\"section\" data-settings=\"{&quot;background_background&quot;:&quot;classic&quot;,&quot;shape_divider_bottom&quot;:&quot;curve&quot;,&quot;shape_divider_bottom_negative&quot;:&quot;yes&quot;}\">\n\t\t\t\t\t\t\t<div class=\"elementor-background-overlay\"><\/div>\n\t\t\t\t\t\t<div class=\"elementor-shape elementor-shape-bottom\" aria-hidden=\"true\" data-negative=\"true\">\n\t\t\t<svg xmlns=\"http:\/\/www.w3.org\/2000\/svg\" viewBox=\"0 0 1000 100\" preserveAspectRatio=\"none\">\n\t<path class=\"elementor-shape-fill\" d=\"M500,97C126.7,96.3,0.8,19.8,0,0v100l1000,0V1C1000,19.4,873.3,97.8,500,97z\"\/>\n<\/svg>\t\t<\/div>\n\t\t\t\t\t<div class=\"elementor-container elementor-column-gap-default\">\n\t\t\t\t\t<div class=\"elementor-column elementor-col-100 elementor-top-column elementor-element elementor-element-7781757\" data-id=\"7781757\" data-element_type=\"column\" data-e-type=\"column\">\n\t\t\t<div class=\"elementor-widget-wrap elementor-element-populated\">\n\t\t\t\t\t\t<section class=\"elementor-section elementor-inner-section elementor-element elementor-element-540a4ff2 elementor-section-full_width elementor-section-height-default elementor-section-height-default\" data-id=\"540a4ff2\" data-element_type=\"section\" data-e-type=\"section\">\n\t\t\t\t\t\t<div class=\"elementor-container elementor-column-gap-default\">\n\t\t\t\t\t<div class=\"elementor-column elementor-col-50 elementor-inner-column elementor-element elementor-element-c7264bb\" data-id=\"c7264bb\" data-element_type=\"column\" data-e-type=\"column\">\n\t\t\t<div class=\"elementor-widget-wrap elementor-element-populated\">\n\t\t\t\t\t\t<div class=\"elementor-element elementor-element-a884dd3 elementor-widget elementor-widget-heading\" data-id=\"a884dd3\" data-element_type=\"widget\" data-e-type=\"widget\" data-widget_type=\"heading.default\">\n\t\t\t\t<div class=\"elementor-widget-container\">\n\t\t\t\t\t<h2 class=\"elementor-heading-title elementor-size-default\">Nosotros<\/h2>\t\t\t\t<\/div>\n\t\t\t\t<\/div>\n\t\t\t\t\t<\/div>\n\t\t<\/div>\n\t\t\t\t<div class=\"elementor-column elementor-col-50 elementor-inner-column elementor-element elementor-element-27e5e344\" data-id=\"27e5e344\" data-element_type=\"column\" data-e-type=\"column\">\n\t\t\t<div class=\"elementor-widget-wrap\">\n\t\t\t\t\t\t\t<\/div>\n\t\t<\/div>\n\t\t\t\t\t<\/div>\n\t\t<\/section>\n\t\t\t\t\t<\/div>\n\t\t<\/div>\n\t\t\t\t\t<\/div>\n\t\t<\/section>\n\t\t\t\t<section class=\"elementor-section elementor-top-section elementor-element elementor-element-3b1ade1 elementor-section-boxed elementor-section-height-default elementor-section-height-default\" data-id=\"3b1ade1\" data-element_type=\"section\" data-e-type=\"section\" data-settings=\"{&quot;background_background&quot;:&quot;classic&quot;}\">\n\t\t\t\t\t\t<div class=\"elementor-container elementor-column-gap-default\">\n\t\t\t\t\t<div class=\"elementor-column elementor-col-50 elementor-top-column elementor-element elementor-element-619e4db5\" data-id=\"619e4db5\" data-element_type=\"column\" data-e-type=\"column\">\n\t\t\t<div class=\"elementor-widget-wrap elementor-element-populated\">\n\t\t\t\t\t\t<div class=\"elementor-element elementor-element-702bcbe2 elementor-widget elementor-widget-heading\" data-id=\"702bcbe2\" data-element_type=\"widget\" data-e-type=\"widget\" data-widget_type=\"heading.default\">\n\t\t\t\t<div class=\"elementor-widget-container\">\n\t\t\t\t\t<span class=\"elementor-heading-title elementor-size-default\">Nosotros<\/span>\t\t\t\t<\/div>\n\t\t\t\t<\/div>\n\t\t\t\t<div class=\"elementor-element elementor-element-43e1d977 elementor-widget-divider--view-line elementor-widget elementor-widget-divider\" data-id=\"43e1d977\" data-element_type=\"widget\" data-e-type=\"widget\" data-widget_type=\"divider.default\">\n\t\t\t\t<div class=\"elementor-widget-container\">\n\t\t\t\t\t\t\t<div class=\"elementor-divider\">\n\t\t\t<span class=\"elementor-divider-separator\">\n\t\t\t\t\t\t<\/span>\n\t\t<\/div>\n\t\t\t\t\t\t<\/div>\n\t\t\t\t<\/div>\n\t\t\t\t<div class=\"elementor-element elementor-element-7efeb9f5 elementor-widget elementor-widget-text-editor\" data-id=\"7efeb9f5\" data-element_type=\"widget\" data-e-type=\"widget\" data-widget_type=\"text-editor.default\">\n\t\t\t\t<div class=\"elementor-widget-container\">\n\t\t\t\t\t\t\t\t\t<p>El Hospital pedi\u00e1trico de Sinaloa es un hospital infantil que se fund\u00f3 el 13 de septiembre de 1980, y es el \u00fanico hospital para ni\u00f1os en el estado de Sinaloa que por su calidad de atenci\u00f3n m\u00e9dica y labor social es elegido por los padres de ni\u00f1os enfermos de los estados como Sonora, Baja California Sur, Nayarit y Durango. Atiende en su gran mayor\u00eda a ni\u00f1os con muy bajos recursos econ\u00f3micos que no cuentan con ning\u00fan servicio m\u00e9dico ya sea IMSS, ISSSTE o de alg\u00fan otro tipo. Adem\u00e1s, ofrece atenci\u00f3n a todo tipo de enfermedades infantiles, contando con todas las especialidades pedi\u00e1tricas y siendo actualmente reconocido como centro de referencia regional para ni\u00f1os con c\u00e1ncer y otras enfermedades catastr\u00f3ficas con una plantilla hospitalaria de m\u00e1s de 400 m\u00e9dicos especialistas, enfermeras, residentes, radi\u00f3logo y qu\u00edmicos.<\/p><p>Cada a\u00f1o se atienden m\u00e1s de 90 mil consultas, 3,500 hospitalizados, m\u00e1s de 25 mil consultas de subespecialidad, 150 mil estudios de laboratorio, 30 mil visitas de urgencias, 1,763 cirug\u00edas, 4,500 vacunas aplicadas, m\u00e1s de 18 mil sesiones de tratamientos contra el c\u00e1ncer y cada a\u00f1o ingresan m\u00e1s de 80 nuevos ni\u00f1os con c\u00e1ncer al \u00e1rea de Oncolog\u00eda del Hospital Pedi\u00e1trico de Sinaloa.<\/p><p>Diariamente se atienden alrededor de 500 pacientes en las diferentes \u00e1reas del Hospital de los cuales el 40% son for\u00e1neos, es decir; vienen desde lugares cercanos como Mazatl\u00e1n o el rosario hasta pacientes que vienen de los cabos o la paz y que regularmente tienen que venir a chequeos m\u00e9dicos y cuyo traslado y estancia son complicados en la mayor\u00eda de los casos ya que los albergues con los que cuenta el Hospital Pedi\u00e1trico de Sinaloa est\u00e1n a su capacidad total la mayor\u00eda del tiempo.<\/p>\t\t\t\t\t\t\t\t<\/div>\n\t\t\t\t<\/div>\n\t\t\t\t\t<\/div>\n\t\t<\/div>\n\t\t\t\t<div class=\"elementor-column elementor-col-50 elementor-top-column elementor-element elementor-element-1f6d0fa5\" data-id=\"1f6d0fa5\" data-element_type=\"column\" data-e-type=\"column\" data-settings=\"{&quot;background_background&quot;:&quot;classic&quot;}\">\n\t\t\t<div class=\"elementor-widget-wrap elementor-element-populated\">\n\t\t\t\t\t\t<div class=\"elementor-element elementor-element-57c43741 elementor-widget elementor-widget-spacer\" data-id=\"57c43741\" data-element_type=\"widget\" data-e-type=\"widget\" data-widget_type=\"spacer.default\">\n\t\t\t\t<div class=\"elementor-widget-container\">\n\t\t\t\t\t\t\t<div class=\"elementor-spacer\">\n\t\t\t<div class=\"elementor-spacer-inner\"><\/div>\n\t\t<\/div>\n\t\t\t\t\t\t<\/div>\n\t\t\t\t<\/div>\n\t\t\t\t\t<\/div>\n\t\t<\/div>\n\t\t\t\t\t<\/div>\n\t\t<\/section>\n\t\t\t\t<section class=\"elementor-section elementor-top-section elementor-element elementor-element-1b568822 elementor-section-boxed elementor-section-height-default elementor-section-height-default\" data-id=\"1b568822\" data-element_type=\"section\" data-e-type=\"section\" data-settings=\"{&quot;background_background&quot;:&quot;classic&quot;}\">\n\t\t\t\t\t\t<div class=\"elementor-container elementor-column-gap-default\">\n\t\t\t\t\t<div class=\"elementor-column elementor-col-33 elementor-top-column elementor-element elementor-element-2114cc6b\" data-id=\"2114cc6b\" data-element_type=\"column\" data-e-type=\"column\">\n\t\t\t<div class=\"elementor-widget-wrap elementor-element-populated\">\n\t\t\t\t\t\t<section class=\"elementor-section elementor-inner-section elementor-element elementor-element-7b277c11 elementor-section-boxed elementor-section-height-default elementor-section-height-default\" data-id=\"7b277c11\" data-element_type=\"section\" data-e-type=\"section\">\n\t\t\t\t\t\t<div class=\"elementor-container elementor-column-gap-default\">\n\t\t\t\t\t<div class=\"elementor-column elementor-col-100 elementor-inner-column elementor-element elementor-element-1d225e99\" data-id=\"1d225e99\" data-element_type=\"column\" data-e-type=\"column\" data-settings=\"{&quot;background_background&quot;:&quot;classic&quot;}\">\n\t\t\t<div class=\"elementor-widget-wrap elementor-element-populated\">\n\t\t\t\t\t<div class=\"elementor-background-overlay\"><\/div>\n\t\t\t\t\t\t<div class=\"elementor-element elementor-element-225a2a6b elementor-widget elementor-widget-heading\" data-id=\"225a2a6b\" data-element_type=\"widget\" data-e-type=\"widget\" data-widget_type=\"heading.default\">\n\t\t\t\t<div class=\"elementor-widget-container\">\n\t\t\t\t\t<h4 class=\"elementor-heading-title elementor-size-default\">Valores<\/h4>\t\t\t\t<\/div>\n\t\t\t\t<\/div>\n\t\t\t\t\t<\/div>\n\t\t<\/div>\n\t\t\t\t\t<\/div>\n\t\t<\/section>\n\t\t\t\t<div class=\"elementor-element elementor-element-d07a055 elementor-widget elementor-widget-text-editor\" data-id=\"d07a055\" data-element_type=\"widget\" data-e-type=\"widget\" data-widget_type=\"text-editor.default\">\n\t\t\t\t<div class=\"elementor-widget-container\">\n\t\t\t\t\t\t\t\t\t<p><strong>Trabajo En Equipo<\/strong> <br \/>Comportamiento tendiente al logro del bienestar del equipo, en aras de cumplir los objetivos de la organizaci\u00f3n.<\/p><p><strong>Profesionalismo en el Trabajo<\/strong><br \/>Respuesta eficaz en la gesti\u00f3n que facilite un servicio de excelencia con conciencia econ\u00f3mica, amor al trabajo y la convicci\u00f3n de brindar lo mejor de s\u00ed con alto sentido del deber social adquirido.<br \/><br \/><strong>Honestidad<\/strong><br \/>Ser honesto consigo mismo y con los dem\u00e1s, es aceptar que a pesar de las fallas que se cometieron o se van a cometer, existe la disposici\u00f3n de cambiar para mejorar la conducta y el buen proceder que siempre debe estar con nosotros y en la sociedad.<\/p>\t\t\t\t\t\t\t\t<\/div>\n\t\t\t\t<\/div>\n\t\t\t\t\t<\/div>\n\t\t<\/div>\n\t\t\t\t<div class=\"elementor-column elementor-col-33 elementor-top-column elementor-element elementor-element-dcf4d8d\" data-id=\"dcf4d8d\" data-element_type=\"column\" data-e-type=\"column\">\n\t\t\t<div class=\"elementor-widget-wrap elementor-element-populated\">\n\t\t\t\t\t\t<section class=\"elementor-section elementor-inner-section elementor-element elementor-element-e489238 elementor-section-boxed elementor-section-height-default elementor-section-height-default\" data-id=\"e489238\" data-element_type=\"section\" data-e-type=\"section\">\n\t\t\t\t\t\t<div class=\"elementor-container elementor-column-gap-default\">\n\t\t\t\t\t<div class=\"elementor-column elementor-col-100 elementor-inner-column elementor-element elementor-element-54bcf0a\" data-id=\"54bcf0a\" data-element_type=\"column\" data-e-type=\"column\" data-settings=\"{&quot;background_background&quot;:&quot;classic&quot;}\">\n\t\t\t<div class=\"elementor-widget-wrap elementor-element-populated\">\n\t\t\t\t\t<div class=\"elementor-background-overlay\"><\/div>\n\t\t\t\t\t\t<div class=\"elementor-element elementor-element-b0e1411 elementor-widget elementor-widget-spacer\" data-id=\"b0e1411\" data-element_type=\"widget\" data-e-type=\"widget\" data-widget_type=\"spacer.default\">\n\t\t\t\t<div class=\"elementor-widget-container\">\n\t\t\t\t\t\t\t<div class=\"elementor-spacer\">\n\t\t\t<div class=\"elementor-spacer-inner\"><\/div>\n\t\t<\/div>\n\t\t\t\t\t\t<\/div>\n\t\t\t\t<\/div>\n\t\t\t\t<div class=\"elementor-element elementor-element-69681f1 elementor-widget elementor-widget-heading\" data-id=\"69681f1\" data-element_type=\"widget\" data-e-type=\"widget\" data-widget_type=\"heading.default\">\n\t\t\t\t<div class=\"elementor-widget-container\">\n\t\t\t\t\t<h4 class=\"elementor-heading-title elementor-size-default\">Nuestra Misi\u00f3n<\/h4>\t\t\t\t<\/div>\n\t\t\t\t<\/div>\n\t\t\t\t\t<\/div>\n\t\t<\/div>\n\t\t\t\t\t<\/div>\n\t\t<\/section>\n\t\t\t\t<div class=\"elementor-element elementor-element-07bcb20 elementor-widget elementor-widget-text-editor\" data-id=\"07bcb20\" data-element_type=\"widget\" data-e-type=\"widget\" data-widget_type=\"text-editor.default\">\n\t\t\t\t<div class=\"elementor-widget-container\">\n\t\t\t\t\t\t\t\t\t<p>Ser un hospital que ofrezca servicios de atenci\u00f3n m\u00e9dica especializados a la poblaci\u00f3n infantil, bajo principios \u00e9ticos y calidez humana, contribuyendo al cuidado social de la salud de los ni\u00f1os.<\/p>\t\t\t\t\t\t\t\t<\/div>\n\t\t\t\t<\/div>\n\t\t\t\t\t<\/div>\n\t\t<\/div>\n\t\t\t\t<div class=\"elementor-column elementor-col-33 elementor-top-column elementor-element elementor-element-5bddfc24\" data-id=\"5bddfc24\" data-element_type=\"column\" data-e-type=\"column\">\n\t\t\t<div class=\"elementor-widget-wrap elementor-element-populated\">\n\t\t\t\t\t\t<section class=\"elementor-section elementor-inner-section elementor-element elementor-element-60657fe elementor-section-boxed elementor-section-height-default elementor-section-height-default\" data-id=\"60657fe\" data-element_type=\"section\" data-e-type=\"section\">\n\t\t\t\t\t\t<div class=\"elementor-container elementor-column-gap-default\">\n\t\t\t\t\t<div class=\"elementor-column elementor-col-100 elementor-inner-column elementor-element elementor-element-46b55f87\" data-id=\"46b55f87\" data-element_type=\"column\" data-e-type=\"column\" data-settings=\"{&quot;background_background&quot;:&quot;classic&quot;}\">\n\t\t\t<div class=\"elementor-widget-wrap elementor-element-populated\">\n\t\t\t\t\t<div class=\"elementor-background-overlay\"><\/div>\n\t\t\t\t\t\t<div class=\"elementor-element elementor-element-79216832 elementor-widget elementor-widget-spacer\" data-id=\"79216832\" data-element_type=\"widget\" data-e-type=\"widget\" data-widget_type=\"spacer.default\">\n\t\t\t\t<div class=\"elementor-widget-container\">\n\t\t\t\t\t\t\t<div class=\"elementor-spacer\">\n\t\t\t<div class=\"elementor-spacer-inner\"><\/div>\n\t\t<\/div>\n\t\t\t\t\t\t<\/div>\n\t\t\t\t<\/div>\n\t\t\t\t<div class=\"elementor-element elementor-element-1075c9f2 elementor-widget elementor-widget-heading\" data-id=\"1075c9f2\" data-element_type=\"widget\" data-e-type=\"widget\" data-widget_type=\"heading.default\">\n\t\t\t\t<div class=\"elementor-widget-container\">\n\t\t\t\t\t<h4 class=\"elementor-heading-title elementor-size-default\">Nuestra Visi\u00f3n<\/h4>\t\t\t\t<\/div>\n\t\t\t\t<\/div>\n\t\t\t\t\t<\/div>\n\t\t<\/div>\n\t\t\t\t\t<\/div>\n\t\t<\/section>\n\t\t\t\t<div class=\"elementor-element elementor-element-6d65cda9 elementor-widget elementor-widget-text-editor\" data-id=\"6d65cda9\" data-element_type=\"widget\" data-e-type=\"widget\" data-widget_type=\"text-editor.default\">\n\t\t\t\t<div class=\"elementor-widget-container\">\n\t\t\t\t\t\t\t\t\t<p>Ser un hospital con personal suficiente y l\u00edder nacional en atenci\u00f3n m\u00e9dica, formaci\u00f3n de recursos humanos e investigaci\u00f3n en pediatr\u00eda.<\/p>\t\t\t\t\t\t\t\t<\/div>\n\t\t\t\t<\/div>\n\t\t\t\t\t<\/div>\n\t\t<\/div>\n\t\t\t\t\t<\/div>\n\t\t<\/section>\n\t\t\t\t<\/div>\n\t\t","protected":false},"excerpt":{"rendered":"<p>Nosotros Nosotros El Hospital pedi\u00e1trico de Sinaloa es un hospital infantil que se fund\u00f3 el 13 de septiembre de 1980, y es el \u00fanico hospital para ni\u00f1os en el estado de Sinaloa que por su calidad de atenci\u00f3n m\u00e9dica y labor social es elegido por los padres de ni\u00f1os enfermos de los estados como Sonora, [&hellip;]<\/p>\n","protected":false},"author":1,"featured_media":0,"parent":0,"menu_order":0,"comment_status":"closed","ping_status":"closed","template":"","meta":{"footnotes":""},"class_list":["post-150","page","type-page","status-publish","hentry"],"_links":{"self":[{"href":"https:\/\/hospitalpediatrico.org\/oficial\/wp-json\/wp\/v2\/pages\/150","targetHints":{"allow":["GET"]}}],"collection":[{"href":"https:\/\/hospitalpediatrico.org\/oficial\/wp-json\/wp\/v2\/pages"}],"about":[{"href":"https:\/\/hospitalpediatrico.org\/oficial\/wp-json\/wp\/v2\/types\/page"}],"author":[{"embeddable":true,"href":"https:\/\/hospitalpediatrico.org\/oficial\/wp-json\/wp\/v2\/users\/1"}],"replies":[{"embeddable":true,"href":"https:\/\/hospitalpediatrico.org\/oficial\/wp-json\/wp\/v2\/comments?post=150"}],"version-history":[{"count":79,"href":"https:\/\/hospitalpediatrico.org\/oficial\/wp-json\/wp\/v2\/pages\/150\/revisions"}],"predecessor-version":[{"id":5239,"href":"https:\/\/hospitalpediatrico.org\/oficial\/wp-json\/wp\/v2\/pages\/150\/revisions\/5239"}],"wp:attachment":[{"href":"https:\/\/hospitalpediatrico.org\/oficial\/wp-json\/wp\/v2\/media?parent=150"}],"curies":[{"name":"wp","href":"https:\/\/api.w.org\/{rel}","templated":true}]}}